{"id":6649,"date":"2024-09-19T15:54:11","date_gmt":"2024-09-19T12:54:11","guid":{"rendered":"https:\/\/petityu.com\/cinnamoroll-kalem-kutusu-asiri-sirin-3d-kalem-kutu\/"},"modified":"2025-09-15T14:51:44","modified_gmt":"2025-09-15T11:51:44","slug":"cinnamoroll-kalem-kutusu-asiri-sirin-3d-kalem-kutu","status":"publish","type":"product","link":"https:\/\/petityu.com\/en\/cinnamoroll-kalem-kutusu-asiri-sirin-3d-kalem-kutu\/","title":{"rendered":"Cinnamoroll kalem kutusu a\u015f\u0131r\u0131 \u015firin 3D kalem kutu"},"content":{"rendered":"<div>\n<ul>\n<li>mavi cinnamoroll kalem kutu<\/li>\n<li>a\u015f\u0131r\u0131 \u015firin kalem kutu<\/li>\n<li>&nbsp;<\/li>\n<\/ul>\n<\/div>","protected":false},"excerpt":{"rendered":"<p>mavi cinnamoroll kalem kutu a\u015f\u0131r\u0131 \u015firin kalem kutu &nbsp;<\/p>","protected":false},"featured_media":6648,"template":"","meta":[],"product_brand":[],"product_cat":[15,980,935],"product_tag":[],"class_list":{"0":"post-6649","1":"product","2":"type-product","3":"status-publish","4":"has-post-thumbnail","6":"product_cat-genel","7":"product_cat-kalem-kutusu-kizcocuk","8":"product_cat-kizcocuk","10":"first","11":"instock","12":"taxable","13":"shipping-taxable","14":"purchasable","15":"product-type-simple"},"_links":{"self":[{"href":"https:\/\/petityu.com\/en\/wp-json\/wp\/v2\/product\/6649","targetHints":{"allow":["GET"]}}],"collection":[{"href":"https:\/\/petityu.com\/en\/wp-json\/wp\/v2\/product"}],"about":[{"href":"https:\/\/petityu.com\/en\/wp-json\/wp\/v2\/types\/product"}],"wp:featuredmedia":[{"embeddable":true,"href":"https:\/\/petityu.com\/en\/wp-json\/wp\/v2\/media\/6648"}],"wp:attachment":[{"href":"https:\/\/petityu.com\/en\/wp-json\/wp\/v2\/media?parent=6649"}],"wp:term":[{"taxonomy":"product_brand","embeddable":true,"href":"https:\/\/petityu.com\/en\/wp-json\/wp\/v2\/product_brand?post=6649"},{"taxonomy":"product_cat","embeddable":true,"href":"https:\/\/petityu.com\/en\/wp-json\/wp\/v2\/product_cat?post=6649"},{"taxonomy":"product_tag","embeddable":true,"href":"https:\/\/petityu.com\/en\/wp-json\/wp\/v2\/product_tag?post=6649"}],"curies":[{"name":"wp","href":"https:\/\/api.w.org\/{rel}","templated":true}]}}