{"id":6651,"date":"2024-09-19T15:54:19","date_gmt":"2024-09-19T12:54:19","guid":{"rendered":"https:\/\/petityu.com\/sanrio-my-melody-6gen-kalemlik-kalem-kutu-pembe-sirin-kiz-cocuk-kalem-kutusu\/"},"modified":"2025-08-21T14:39:29","modified_gmt":"2025-08-21T11:39:29","slug":"sanrio-my-melody-6gen-kalemlik-kalem-kutu-pembe-sirin-kiz-cocuk-kalem-kutusu","status":"publish","type":"product","link":"https:\/\/petityu.com\/en\/sanrio-my-melody-6gen-kalemlik-kalem-kutu-pembe-sirin-kiz-cocuk-kalem-kutusu\/","title":{"rendered":"Sanrio my melody 6gen kalemlik kalem kutu pembe \u015firin k\u0131z \u00e7ocuk kalem kutusu"},"content":{"rendered":"<div ><br \/>\n<ul><br \/>\n<li>Sanrio my melody 6gen kalemlik <br><\/li><br \/>\n<li>kalem kutu pembe \u015firin <br><\/li><br \/>\n<li>k\u0131z \u00e7ocuk kalem kutusu <br><\/li><\/ul><br \/>\n<div><br><\/div><\/div>","protected":false},"excerpt":{"rendered":"<p>Sanrio my melody 6gen kalemlik kalem kutu pembe \u015firin k\u0131z \u00e7ocuk kalem kutusu<\/p>","protected":false},"featured_media":6650,"template":"","meta":[],"product_brand":[],"product_cat":[15,980,935],"product_tag":[],"class_list":{"0":"post-6651","1":"product","2":"type-product","3":"status-publish","4":"has-post-thumbnail","6":"product_cat-genel","7":"product_cat-kalem-kutusu-kizcocuk","8":"product_cat-kizcocuk","10":"first","11":"instock","12":"taxable","13":"shipping-taxable","14":"purchasable","15":"product-type-simple"},"_links":{"self":[{"href":"https:\/\/petityu.com\/en\/wp-json\/wp\/v2\/product\/6651","targetHints":{"allow":["GET"]}}],"collection":[{"href":"https:\/\/petityu.com\/en\/wp-json\/wp\/v2\/product"}],"about":[{"href":"https:\/\/petityu.com\/en\/wp-json\/wp\/v2\/types\/product"}],"wp:featuredmedia":[{"embeddable":true,"href":"https:\/\/petityu.com\/en\/wp-json\/wp\/v2\/media\/6650"}],"wp:attachment":[{"href":"https:\/\/petityu.com\/en\/wp-json\/wp\/v2\/media?parent=6651"}],"wp:term":[{"taxonomy":"product_brand","embeddable":true,"href":"https:\/\/petityu.com\/en\/wp-json\/wp\/v2\/product_brand?post=6651"},{"taxonomy":"product_cat","embeddable":true,"href":"https:\/\/petityu.com\/en\/wp-json\/wp\/v2\/product_cat?post=6651"},{"taxonomy":"product_tag","embeddable":true,"href":"https:\/\/petityu.com\/en\/wp-json\/wp\/v2\/product_tag?post=6651"}],"curies":[{"name":"wp","href":"https:\/\/api.w.org\/{rel}","templated":true}]}}