{"id":6657,"date":"2024-09-19T15:54:47","date_gmt":"2024-09-19T12:54:47","guid":{"rendered":"https:\/\/petityu.com\/sanrio-my-melody-pembe-sirin-oyuncak-aplikeli-kalem-kutu\/"},"modified":"2026-04-02T20:35:50","modified_gmt":"2026-04-02T17:35:50","slug":"sanrio-my-melody-pembe-sirin-oyuncak-aplikeli-kalem-kutu","status":"publish","type":"product","link":"https:\/\/petityu.com\/en\/sanrio-my-melody-pembe-sirin-oyuncak-aplikeli-kalem-kutu\/","title":{"rendered":"Sanrio My Melody Pembe \u015eirin Oyuncak Aplikeli Kalem Kutu"},"content":{"rendered":"<div ><br \/>\n<ul><br \/>\n<li>k\u0131z \u00e7ocuk \u015firin kalem kutu<\/li><\/ul><\/div>","protected":false},"excerpt":{"rendered":"<p>k\u0131z \u00e7ocuk \u015firin kalem kutu<\/p>","protected":false},"featured_media":6656,"template":"","meta":[],"product_brand":[],"product_cat":[15,980,935],"product_tag":[],"class_list":{"0":"post-6657","1":"product","2":"type-product","3":"status-publish","4":"has-post-thumbnail","6":"product_cat-genel","7":"product_cat-kalem-kutusu-kizcocuk","8":"product_cat-kizcocuk","10":"first","11":"instock","12":"taxable","13":"shipping-taxable","14":"purchasable","15":"product-type-simple"},"_links":{"self":[{"href":"https:\/\/petityu.com\/en\/wp-json\/wp\/v2\/product\/6657","targetHints":{"allow":["GET"]}}],"collection":[{"href":"https:\/\/petityu.com\/en\/wp-json\/wp\/v2\/product"}],"about":[{"href":"https:\/\/petityu.com\/en\/wp-json\/wp\/v2\/types\/product"}],"wp:featuredmedia":[{"embeddable":true,"href":"https:\/\/petityu.com\/en\/wp-json\/wp\/v2\/media\/6656"}],"wp:attachment":[{"href":"https:\/\/petityu.com\/en\/wp-json\/wp\/v2\/media?parent=6657"}],"wp:term":[{"taxonomy":"product_brand","embeddable":true,"href":"https:\/\/petityu.com\/en\/wp-json\/wp\/v2\/product_brand?post=6657"},{"taxonomy":"product_cat","embeddable":true,"href":"https:\/\/petityu.com\/en\/wp-json\/wp\/v2\/product_cat?post=6657"},{"taxonomy":"product_tag","embeddable":true,"href":"https:\/\/petityu.com\/en\/wp-json\/wp\/v2\/product_tag?post=6657"}],"curies":[{"name":"wp","href":"https:\/\/api.w.org\/{rel}","templated":true}]}}