{"id":6659,"date":"2024-09-19T15:54:57","date_gmt":"2024-09-19T12:54:57","guid":{"rendered":"https:\/\/petityu.com\/kuromi-mor-oyuncak-aplikeli-sirin-kiz-cocuk-kalem-kutu\/"},"modified":"2025-10-15T17:46:20","modified_gmt":"2025-10-15T14:46:20","slug":"kuromi-mor-oyuncak-aplikeli-sirin-kiz-cocuk-kalem-kutu","status":"publish","type":"product","link":"https:\/\/petityu.com\/en\/kuromi-mor-oyuncak-aplikeli-sirin-kiz-cocuk-kalem-kutu\/","title":{"rendered":"Kuromi Mor Oyuncak Aplikeli \u015eirin K\u0131z \u00c7ocuk Kalem Kutu"},"content":{"rendered":"<div ><br \/>\n<ul><br \/>\n<li>Kawaii Kuromi kalem kutu mor&nbsp; <br><\/li><br \/>\n<li>k\u0131z \u00e7ocuk \u015firin kalem kutu<\/li><\/ul><br \/>\n<div><br><\/div><\/div>","protected":false},"excerpt":{"rendered":"<p>Kawaii Kuromi kalem kutu mor&nbsp; k\u0131z \u00e7ocuk \u015firin kalem kutu<\/p>","protected":false},"featured_media":6658,"template":"","meta":[],"product_brand":[],"product_cat":[15,980,935],"product_tag":[],"class_list":{"0":"post-6659","1":"product","2":"type-product","3":"status-publish","4":"has-post-thumbnail","6":"product_cat-genel","7":"product_cat-kalem-kutusu-kizcocuk","8":"product_cat-kizcocuk","10":"first","11":"instock","12":"taxable","13":"shipping-taxable","14":"purchasable","15":"product-type-simple"},"_links":{"self":[{"href":"https:\/\/petityu.com\/en\/wp-json\/wp\/v2\/product\/6659","targetHints":{"allow":["GET"]}}],"collection":[{"href":"https:\/\/petityu.com\/en\/wp-json\/wp\/v2\/product"}],"about":[{"href":"https:\/\/petityu.com\/en\/wp-json\/wp\/v2\/types\/product"}],"wp:featuredmedia":[{"embeddable":true,"href":"https:\/\/petityu.com\/en\/wp-json\/wp\/v2\/media\/6658"}],"wp:attachment":[{"href":"https:\/\/petityu.com\/en\/wp-json\/wp\/v2\/media?parent=6659"}],"wp:term":[{"taxonomy":"product_brand","embeddable":true,"href":"https:\/\/petityu.com\/en\/wp-json\/wp\/v2\/product_brand?post=6659"},{"taxonomy":"product_cat","embeddable":true,"href":"https:\/\/petityu.com\/en\/wp-json\/wp\/v2\/product_cat?post=6659"},{"taxonomy":"product_tag","embeddable":true,"href":"https:\/\/petityu.com\/en\/wp-json\/wp\/v2\/product_tag?post=6659"}],"curies":[{"name":"wp","href":"https:\/\/api.w.org\/{rel}","templated":true}]}}