{"id":6665,"date":"2024-09-19T15:55:25","date_gmt":"2024-09-19T12:55:25","guid":{"rendered":"https:\/\/petityu.com\/mor-sert-kapakli-kuromi-kawaii-dikdortgen-kiz-cocuk-kalem-kutusu\/"},"modified":"2026-04-08T15:50:36","modified_gmt":"2026-04-08T12:50:36","slug":"mor-sert-kapakli-kuromi-kawaii-dikdortgen-kiz-cocuk-kalem-kutusu","status":"publish","type":"product","link":"https:\/\/petityu.com\/en\/mor-sert-kapakli-kuromi-kawaii-dikdortgen-kiz-cocuk-kalem-kutusu\/","title":{"rendered":"Sert Kapakl\u0131 Mor Kuromi Kawaii Dikd\u00f6rtgen K\u0131z \u00c7ocuk Kalem Kutusu"},"content":{"rendered":"<div ><ul><li>k\u0131z \u00e7ocuk mor kalem kutu <br><\/li><li>kawaii kalem kutu <br><\/li><li>kuromi kalem kutu<\/li><\/ul><div><br><\/div><\/div>","protected":false},"excerpt":{"rendered":"<p>k\u0131z \u00e7ocuk mor kalem kutu kawaii kalem kutu kuromi kalem kutu<\/p>","protected":false},"featured_media":6664,"template":"","meta":[],"product_brand":[],"product_cat":[15,980,935],"product_tag":[],"class_list":{"0":"post-6665","1":"product","2":"type-product","3":"status-publish","4":"has-post-thumbnail","6":"product_cat-genel","7":"product_cat-kalem-kutusu-kizcocuk","8":"product_cat-kizcocuk","10":"first","11":"instock","12":"taxable","13":"shipping-taxable","14":"purchasable","15":"product-type-simple"},"_links":{"self":[{"href":"https:\/\/petityu.com\/en\/wp-json\/wp\/v2\/product\/6665","targetHints":{"allow":["GET"]}}],"collection":[{"href":"https:\/\/petityu.com\/en\/wp-json\/wp\/v2\/product"}],"about":[{"href":"https:\/\/petityu.com\/en\/wp-json\/wp\/v2\/types\/product"}],"wp:featuredmedia":[{"embeddable":true,"href":"https:\/\/petityu.com\/en\/wp-json\/wp\/v2\/media\/6664"}],"wp:attachment":[{"href":"https:\/\/petityu.com\/en\/wp-json\/wp\/v2\/media?parent=6665"}],"wp:term":[{"taxonomy":"product_brand","embeddable":true,"href":"https:\/\/petityu.com\/en\/wp-json\/wp\/v2\/product_brand?post=6665"},{"taxonomy":"product_cat","embeddable":true,"href":"https:\/\/petityu.com\/en\/wp-json\/wp\/v2\/product_cat?post=6665"},{"taxonomy":"product_tag","embeddable":true,"href":"https:\/\/petityu.com\/en\/wp-json\/wp\/v2\/product_tag?post=6665"}],"curies":[{"name":"wp","href":"https:\/\/api.w.org\/{rel}","templated":true}]}}