{"id":6667,"date":"2024-09-19T15:55:34","date_gmt":"2024-09-19T12:55:34","guid":{"rendered":"https:\/\/petityu.com\/lila-canta-seklinde-cok-sirin-buyuk-kapasiteli-bolmeli-kullanisli-kalem-kutu\/"},"modified":"2026-02-24T23:04:24","modified_gmt":"2026-02-24T20:04:24","slug":"lila-canta-seklinde-cok-sirin-buyuk-kapasiteli-bolmeli-kullanisli-kalem-kutu","status":"publish","type":"product","link":"https:\/\/petityu.com\/en\/lila-canta-seklinde-cok-sirin-buyuk-kapasiteli-bolmeli-kullanisli-kalem-kutu\/","title":{"rendered":"lila \u00e7anta \u015feklinde \u00e7ok \u015firin b\u00fcy\u00fck kapasiteli b\u00f6lmeli kullan\u0131\u015fl\u0131 kalem kutu"},"content":{"rendered":"<div ><br \/>\n<ul><br \/>\n<li>B\u00fcy\u00fck kapasiteli k\u0131z \u00e7ocuk kalem kutu <br><\/li><br \/>\n<li>kocaman kalem kutu <br><\/li><br \/>\n<li>lila \u015firin kalem kutu <br><\/li><br \/>\n<li>k\u0131z \u00e7ocuk b\u00fcy\u00fck \u00e7anta \u015feklinde kalem kutu<\/li><\/ul><br \/>\n<div><br><\/div><\/div>","protected":false},"excerpt":{"rendered":"<p>B\u00fcy\u00fck kapasiteli k\u0131z \u00e7ocuk kalem kutu kocaman kalem kutu lila \u015firin kalem kutu k\u0131z \u00e7ocuk b\u00fcy\u00fck \u00e7anta \u015feklinde kalem kutu<\/p>","protected":false},"featured_media":6666,"template":"","meta":[],"product_brand":[],"product_cat":[15,980,935],"product_tag":[],"class_list":{"0":"post-6667","1":"product","2":"type-product","3":"status-publish","4":"has-post-thumbnail","6":"product_cat-genel","7":"product_cat-kalem-kutusu-kizcocuk","8":"product_cat-kizcocuk","10":"first","11":"outofstock","12":"taxable","13":"shipping-taxable","14":"purchasable","15":"product-type-simple"},"_links":{"self":[{"href":"https:\/\/petityu.com\/en\/wp-json\/wp\/v2\/product\/6667","targetHints":{"allow":["GET"]}}],"collection":[{"href":"https:\/\/petityu.com\/en\/wp-json\/wp\/v2\/product"}],"about":[{"href":"https:\/\/petityu.com\/en\/wp-json\/wp\/v2\/types\/product"}],"wp:featuredmedia":[{"embeddable":true,"href":"https:\/\/petityu.com\/en\/wp-json\/wp\/v2\/media\/6666"}],"wp:attachment":[{"href":"https:\/\/petityu.com\/en\/wp-json\/wp\/v2\/media?parent=6667"}],"wp:term":[{"taxonomy":"product_brand","embeddable":true,"href":"https:\/\/petityu.com\/en\/wp-json\/wp\/v2\/product_brand?post=6667"},{"taxonomy":"product_cat","embeddable":true,"href":"https:\/\/petityu.com\/en\/wp-json\/wp\/v2\/product_cat?post=6667"},{"taxonomy":"product_tag","embeddable":true,"href":"https:\/\/petityu.com\/en\/wp-json\/wp\/v2\/product_tag?post=6667"}],"curies":[{"name":"wp","href":"https:\/\/api.w.org\/{rel}","templated":true}]}}