{"id":6674,"date":"2024-09-19T15:56:07","date_gmt":"2024-09-19T12:56:07","guid":{"rendered":"https:\/\/petityu.com\/super-mario-mavi-kirmizi-ilkokul-ortaokul-sirt-cantasi-ve-kalem-kutu-set\/"},"modified":"2026-04-11T01:14:44","modified_gmt":"2026-04-10T22:14:44","slug":"super-mario-mavi-kirmizi-ilkokul-ortaokul-sirt-cantasi-ve-kalem-kutu-set","status":"publish","type":"product","link":"https:\/\/petityu.com\/en\/super-mario-mavi-kirmizi-ilkokul-ortaokul-sirt-cantasi-ve-kalem-kutu-set\/","title":{"rendered":"Super Mario Mavi K\u0131rm\u0131z\u0131 \u0130lkokul Ortaokul S\u0131rt \u00c7antas\u0131 Ve Kalem Kutu Set"},"content":{"rendered":"<div ><ul><li>okul s\u0131rt \u00e7antas\u0131 <br><\/li><li>Super Mario okul \u00e7antas\u0131&nbsp; <br><\/li><li>ilokul Super Mario \u00e7anta<\/li><\/ul><div><br><\/div><\/div>","protected":false},"excerpt":{"rendered":"<p>okul s\u0131rt \u00e7antas\u0131 Super Mario okul \u00e7antas\u0131&nbsp; ilokul Super Mario \u00e7anta<\/p>","protected":false},"featured_media":6673,"template":"","meta":[],"product_brand":[],"product_cat":[15,998,936],"product_tag":[],"class_list":{"0":"post-6674","1":"product","2":"type-product","3":"status-publish","4":"has-post-thumbnail","6":"product_cat-genel","7":"product_cat-canta","8":"product_cat-erkekcocuk","10":"first","11":"outofstock","12":"taxable","13":"shipping-taxable","14":"purchasable","15":"product-type-simple"},"_links":{"self":[{"href":"https:\/\/petityu.com\/en\/wp-json\/wp\/v2\/product\/6674","targetHints":{"allow":["GET"]}}],"collection":[{"href":"https:\/\/petityu.com\/en\/wp-json\/wp\/v2\/product"}],"about":[{"href":"https:\/\/petityu.com\/en\/wp-json\/wp\/v2\/types\/product"}],"wp:featuredmedia":[{"embeddable":true,"href":"https:\/\/petityu.com\/en\/wp-json\/wp\/v2\/media\/6673"}],"wp:attachment":[{"href":"https:\/\/petityu.com\/en\/wp-json\/wp\/v2\/media?parent=6674"}],"wp:term":[{"taxonomy":"product_brand","embeddable":true,"href":"https:\/\/petityu.com\/en\/wp-json\/wp\/v2\/product_brand?post=6674"},{"taxonomy":"product_cat","embeddable":true,"href":"https:\/\/petityu.com\/en\/wp-json\/wp\/v2\/product_cat?post=6674"},{"taxonomy":"product_tag","embeddable":true,"href":"https:\/\/petityu.com\/en\/wp-json\/wp\/v2\/product_tag?post=6674"}],"curies":[{"name":"wp","href":"https:\/\/api.w.org\/{rel}","templated":true}]}}