{"id":6678,"date":"2024-09-19T15:56:25","date_gmt":"2024-09-19T12:56:25","guid":{"rendered":"https:\/\/petityu.com\/super-mario-cift-fermuar-buyuk-kapasiteli-kalem-kutu-dayanikli-kumas-mario-kalem-kutusu\/"},"modified":"2025-10-16T16:15:45","modified_gmt":"2025-10-16T13:15:45","slug":"super-mario-cift-fermuar-buyuk-kapasiteli-kalem-kutu-dayanikli-kumas-mario-kalem-kutusu","status":"publish","type":"product","link":"https:\/\/petityu.com\/en\/super-mario-cift-fermuar-buyuk-kapasiteli-kalem-kutu-dayanikli-kumas-mario-kalem-kutusu\/","title":{"rendered":"Super Mario \u00c7ift Fermuar B\u00fcy\u00fck Kapasiteli Kalem Kutu dayan\u0131kl\u0131 kuma\u015f mario kalem kutusu"},"content":{"rendered":"<div ><br \/>\n<ul><br \/>\n<li>super mario b\u00fcy\u00fck kapasiteli \u00e7ift fermuarl\u0131 kalem kutu<\/li><\/ul><br \/>\n<div><br><\/div><\/div>","protected":false},"excerpt":{"rendered":"<p>super mario b\u00fcy\u00fck kapasiteli \u00e7ift fermuarl\u0131 kalem kutu<\/p>","protected":false},"featured_media":6677,"template":"","meta":[],"product_brand":[],"product_cat":[936,15,999],"product_tag":[],"class_list":{"0":"post-6678","1":"product","2":"type-product","3":"status-publish","4":"has-post-thumbnail","6":"product_cat-erkekcocuk","7":"product_cat-genel","8":"product_cat-kalem-kutusu-erkekcocuk","10":"first","11":"instock","12":"taxable","13":"shipping-taxable","14":"purchasable","15":"product-type-simple"},"_links":{"self":[{"href":"https:\/\/petityu.com\/en\/wp-json\/wp\/v2\/product\/6678","targetHints":{"allow":["GET"]}}],"collection":[{"href":"https:\/\/petityu.com\/en\/wp-json\/wp\/v2\/product"}],"about":[{"href":"https:\/\/petityu.com\/en\/wp-json\/wp\/v2\/types\/product"}],"wp:featuredmedia":[{"embeddable":true,"href":"https:\/\/petityu.com\/en\/wp-json\/wp\/v2\/media\/6677"}],"wp:attachment":[{"href":"https:\/\/petityu.com\/en\/wp-json\/wp\/v2\/media?parent=6678"}],"wp:term":[{"taxonomy":"product_brand","embeddable":true,"href":"https:\/\/petityu.com\/en\/wp-json\/wp\/v2\/product_brand?post=6678"},{"taxonomy":"product_cat","embeddable":true,"href":"https:\/\/petityu.com\/en\/wp-json\/wp\/v2\/product_cat?post=6678"},{"taxonomy":"product_tag","embeddable":true,"href":"https:\/\/petityu.com\/en\/wp-json\/wp\/v2\/product_tag?post=6678"}],"curies":[{"name":"wp","href":"https:\/\/api.w.org\/{rel}","templated":true}]}}