{"id":6684,"date":"2024-09-19T15:56:58","date_gmt":"2024-09-19T12:56:58","guid":{"rendered":"https:\/\/petityu.com\/pokemon-pu-kalem-kutu\/"},"modified":"2025-10-17T16:06:19","modified_gmt":"2025-10-17T13:06:19","slug":"pokemon-pu-kalem-kutu","status":"publish","type":"product","link":"https:\/\/petityu.com\/en\/pokemon-pu-kalem-kutu\/","title":{"rendered":"Petityu Pokemon PU Kalem Kutu"},"content":{"rendered":"<div ><br \/>\n<ul><br \/>\n<li>Pokemon kalem kutu <br><\/li><br \/>\n<li>Fermuarla a\u00e7\u0131lan kapak k\u0131sm\u0131n\u0131n i\u00e7inde file silgi koyma yeri mevcuttur.<\/li><\/ul><br \/>\n<div><br><\/div><\/div>","protected":false},"excerpt":{"rendered":"<p>Pokemon kalem kutu Fermuarla a\u00e7\u0131lan kapak k\u0131sm\u0131n\u0131n i\u00e7inde file silgi koyma yeri mevcuttur.<\/p>","protected":false},"featured_media":6682,"template":"","meta":[],"product_brand":[],"product_cat":[936,15,999,980,935],"product_tag":[],"class_list":{"0":"post-6684","1":"product","2":"type-product","3":"status-publish","4":"has-post-thumbnail","6":"product_cat-erkekcocuk","7":"product_cat-genel","8":"product_cat-kalem-kutusu-erkekcocuk","9":"product_cat-kalem-kutusu-kizcocuk","10":"product_cat-kizcocuk","12":"first","13":"instock","14":"taxable","15":"shipping-taxable","16":"purchasable","17":"product-type-simple"},"_links":{"self":[{"href":"https:\/\/petityu.com\/en\/wp-json\/wp\/v2\/product\/6684","targetHints":{"allow":["GET"]}}],"collection":[{"href":"https:\/\/petityu.com\/en\/wp-json\/wp\/v2\/product"}],"about":[{"href":"https:\/\/petityu.com\/en\/wp-json\/wp\/v2\/types\/product"}],"wp:featuredmedia":[{"embeddable":true,"href":"https:\/\/petityu.com\/en\/wp-json\/wp\/v2\/media\/6682"}],"wp:attachment":[{"href":"https:\/\/petityu.com\/en\/wp-json\/wp\/v2\/media?parent=6684"}],"wp:term":[{"taxonomy":"product_brand","embeddable":true,"href":"https:\/\/petityu.com\/en\/wp-json\/wp\/v2\/product_brand?post=6684"},{"taxonomy":"product_cat","embeddable":true,"href":"https:\/\/petityu.com\/en\/wp-json\/wp\/v2\/product_cat?post=6684"},{"taxonomy":"product_tag","embeddable":true,"href":"https:\/\/petityu.com\/en\/wp-json\/wp\/v2\/product_tag?post=6684"}],"curies":[{"name":"wp","href":"https:\/\/api.w.org\/{rel}","templated":true}]}}