{"id":6686,"date":"2024-09-19T15:57:07","date_gmt":"2024-09-19T12:57:07","guid":{"rendered":"https:\/\/petityu.com\/futbol-hali-saha-top-buyuk-boy-yesil-top-desenli-erkek-cocuk-kalem-kutu\/"},"modified":"2026-03-23T00:08:04","modified_gmt":"2026-03-22T21:08:04","slug":"futbol-hali-saha-top-buyuk-boy-yesil-top-desenli-erkek-cocuk-kalem-kutu","status":"publish","type":"product","link":"https:\/\/petityu.com\/en\/futbol-hali-saha-top-buyuk-boy-yesil-top-desenli-erkek-cocuk-kalem-kutu\/","title":{"rendered":"Petityu Futbol Hal\u0131 Saha Top B\u00fcy\u00fck Boy Ye\u015fil Top Desenli Erkek \u00c7ocuk Kalem Kutu"},"content":{"rendered":"<div ><br \/>\n<ul><br \/>\n<li>futbol kalem kutusu <br><\/li><br \/>\n<li>erkek \u00e7ocuk kalem kutusu <br><\/li><br \/>\n<li>b\u00fcy\u00fck boy fermuarl\u0131 kalem kutu<\/li><\/ul><br \/>\n<div><br><\/div><\/div>","protected":false},"excerpt":{"rendered":"<p>futbol kalem kutusu erkek \u00e7ocuk kalem kutusu b\u00fcy\u00fck boy fermuarl\u0131 kalem kutu<\/p>","protected":false},"featured_media":6685,"template":"","meta":[],"product_brand":[],"product_cat":[15,936,999],"product_tag":[],"class_list":{"0":"post-6686","1":"product","2":"type-product","3":"status-publish","4":"has-post-thumbnail","6":"product_cat-genel","7":"product_cat-erkekcocuk","8":"product_cat-kalem-kutusu-erkekcocuk","10":"first","11":"instock","12":"taxable","13":"shipping-taxable","14":"purchasable","15":"product-type-simple"},"_links":{"self":[{"href":"https:\/\/petityu.com\/en\/wp-json\/wp\/v2\/product\/6686","targetHints":{"allow":["GET"]}}],"collection":[{"href":"https:\/\/petityu.com\/en\/wp-json\/wp\/v2\/product"}],"about":[{"href":"https:\/\/petityu.com\/en\/wp-json\/wp\/v2\/types\/product"}],"wp:featuredmedia":[{"embeddable":true,"href":"https:\/\/petityu.com\/en\/wp-json\/wp\/v2\/media\/6685"}],"wp:attachment":[{"href":"https:\/\/petityu.com\/en\/wp-json\/wp\/v2\/media?parent=6686"}],"wp:term":[{"taxonomy":"product_brand","embeddable":true,"href":"https:\/\/petityu.com\/en\/wp-json\/wp\/v2\/product_brand?post=6686"},{"taxonomy":"product_cat","embeddable":true,"href":"https:\/\/petityu.com\/en\/wp-json\/wp\/v2\/product_cat?post=6686"},{"taxonomy":"product_tag","embeddable":true,"href":"https:\/\/petityu.com\/en\/wp-json\/wp\/v2\/product_tag?post=6686"}],"curies":[{"name":"wp","href":"https:\/\/api.w.org\/{rel}","templated":true}]}}