{"id":6688,"date":"2024-09-19T15:57:16","date_gmt":"2024-09-19T12:57:16","guid":{"rendered":"https:\/\/petityu.com\/upf50-uv-koruma-cabuk-kuruyan-ayarlanabilir-cicekli-ince-bebek-sapka-0-18-ay-boyun-koruma\/"},"modified":"2026-04-08T09:17:26","modified_gmt":"2026-04-08T06:17:26","slug":"upf50-uv-koruma-cabuk-kuruyan-ayarlanabilir-cicekli-ince-bebek-sapka-0-18-ay-boyun-koruma","status":"publish","type":"product","link":"https:\/\/petityu.com\/en\/upf50-uv-koruma-cabuk-kuruyan-ayarlanabilir-cicekli-ince-bebek-sapka-0-18-ay-boyun-koruma\/","title":{"rendered":"Upf50 + Uv Koruma \u00e7abuk Kuruyan Ayarlanabilir \u00e7i\u00e7ekli ince Bebek \u015eapka 0-18 Ay Boyun Koruma"},"content":{"rendered":"<p>Petityu Upf50 + Uv Koruma \u00e7abuk Kuruyan Ayarlanabilir \u00e7i\u00e7ekli ince Bebek \u015eapka 0-18 Ay Boyun Koruma<\/p>","protected":false},"excerpt":{"rendered":"<p>Petityu Upf50 + Uv Koruma \u00e7abuk Kuruyan Ayarlanabilir \u00e7i\u00e7ekli ince Bebek \u015eapka 0-18 Ay Boyun Koruma<\/p>","protected":false},"featured_media":6687,"template":"","meta":[],"product_brand":[],"product_cat":[15,935,975],"product_tag":[],"class_list":{"0":"post-6688","1":"product","2":"type-product","3":"status-publish","4":"has-post-thumbnail","6":"product_cat-genel","7":"product_cat-kizcocuk","8":"product_cat-sapka","10":"first","11":"outofstock","12":"taxable","13":"shipping-taxable","14":"purchasable","15":"product-type-simple"},"_links":{"self":[{"href":"https:\/\/petityu.com\/en\/wp-json\/wp\/v2\/product\/6688","targetHints":{"allow":["GET"]}}],"collection":[{"href":"https:\/\/petityu.com\/en\/wp-json\/wp\/v2\/product"}],"about":[{"href":"https:\/\/petityu.com\/en\/wp-json\/wp\/v2\/types\/product"}],"wp:featuredmedia":[{"embeddable":true,"href":"https:\/\/petityu.com\/en\/wp-json\/wp\/v2\/media\/6687"}],"wp:attachment":[{"href":"https:\/\/petityu.com\/en\/wp-json\/wp\/v2\/media?parent=6688"}],"wp:term":[{"taxonomy":"product_brand","embeddable":true,"href":"https:\/\/petityu.com\/en\/wp-json\/wp\/v2\/product_brand?post=6688"},{"taxonomy":"product_cat","embeddable":true,"href":"https:\/\/petityu.com\/en\/wp-json\/wp\/v2\/product_cat?post=6688"},{"taxonomy":"product_tag","embeddable":true,"href":"https:\/\/petityu.com\/en\/wp-json\/wp\/v2\/product_tag?post=6688"}],"curies":[{"name":"wp","href":"https:\/\/api.w.org\/{rel}","templated":true}]}}