{"id":6690,"date":"2024-09-19T15:57:26","date_gmt":"2024-09-19T12:57:26","guid":{"rendered":"https:\/\/petityu.com\/upf50-uv-koruma-cabuk-kuruyan-ayarlanabilir-turuncu-ince-bebek-sapka-0-18-ay-boyun-koruma\/"},"modified":"2026-04-16T23:42:49","modified_gmt":"2026-04-16T20:42:49","slug":"upf50-uv-koruma-cabuk-kuruyan-ayarlanabilir-turuncu-ince-bebek-sapka-0-18-ay-boyun-koruma","status":"publish","type":"product","link":"https:\/\/petityu.com\/en\/upf50-uv-koruma-cabuk-kuruyan-ayarlanabilir-turuncu-ince-bebek-sapka-0-18-ay-boyun-koruma\/","title":{"rendered":"Petityu Upf50+ Uv Koruma \u00c7abuk Kuruyan Ayarlanabilir Turuncu \u0130nce Bebek \u015eapka 0-18 Ay Boyun Koruma"},"content":{"rendered":"<p><p>Petityu Upf50 + Uv Koruma \u00e7abuk Kuruyan Ayarlanabilir Turuncu ince Bebek \u015eapka 0-18 Ay Boyun Koruma<\/p><\/p>","protected":false},"excerpt":{"rendered":"<p>Petityu Upf50 + Uv Koruma \u00e7abuk Kuruyan Ayarlanabilir Turuncu ince Bebek \u015eapka 0-18 Ay Boyun Koruma<\/p>","protected":false},"featured_media":6689,"template":"","meta":[],"product_brand":[],"product_cat":[936,15,935,975,996],"product_tag":[],"class_list":{"0":"post-6690","1":"product","2":"type-product","3":"status-publish","4":"has-post-thumbnail","6":"product_cat-erkekcocuk","7":"product_cat-genel","8":"product_cat-kizcocuk","9":"product_cat-sapka","10":"product_cat-sapka-erkekcocuk","12":"first","13":"instock","14":"taxable","15":"shipping-taxable","16":"purchasable","17":"product-type-simple"},"_links":{"self":[{"href":"https:\/\/petityu.com\/en\/wp-json\/wp\/v2\/product\/6690","targetHints":{"allow":["GET"]}}],"collection":[{"href":"https:\/\/petityu.com\/en\/wp-json\/wp\/v2\/product"}],"about":[{"href":"https:\/\/petityu.com\/en\/wp-json\/wp\/v2\/types\/product"}],"wp:featuredmedia":[{"embeddable":true,"href":"https:\/\/petityu.com\/en\/wp-json\/wp\/v2\/media\/6689"}],"wp:attachment":[{"href":"https:\/\/petityu.com\/en\/wp-json\/wp\/v2\/media?parent=6690"}],"wp:term":[{"taxonomy":"product_brand","embeddable":true,"href":"https:\/\/petityu.com\/en\/wp-json\/wp\/v2\/product_brand?post=6690"},{"taxonomy":"product_cat","embeddable":true,"href":"https:\/\/petityu.com\/en\/wp-json\/wp\/v2\/product_cat?post=6690"},{"taxonomy":"product_tag","embeddable":true,"href":"https:\/\/petityu.com\/en\/wp-json\/wp\/v2\/product_tag?post=6690"}],"curies":[{"name":"wp","href":"https:\/\/api.w.org\/{rel}","templated":true}]}}