{"id":6694,"date":"2024-09-19T15:57:47","date_gmt":"2024-09-19T12:57:47","guid":{"rendered":"https:\/\/petityu.com\/upf50-uv-koruma-cabuk-kuruyan-ayarlanabilir-laci-ince-bebek-sapka-0-18-ay-boyun-korumali\/"},"modified":"2026-04-16T23:41:55","modified_gmt":"2026-04-16T20:41:55","slug":"upf50-uv-koruma-cabuk-kuruyan-ayarlanabilir-laci-ince-bebek-sapka-0-18-ay-boyun-korumali","status":"publish","type":"product","link":"https:\/\/petityu.com\/en\/upf50-uv-koruma-cabuk-kuruyan-ayarlanabilir-laci-ince-bebek-sapka-0-18-ay-boyun-korumali\/","title":{"rendered":"Upf50 + Uv Koruma \u00c7abuk Kuruyan Ayarlanabilir Laci ince Bebek \u015eapka 0-18 Ay Boyun Korumal\u0131"},"content":{"rendered":"<p><p>Petityu Upf50 + Uv Koruma \u00e7abuk Kuruyan Ayarlanabilir Laci ince Bebek \u015eapka 0-18 Ay Boyun Korumali upf50+ bebek \u015fapka<\/p><\/p>","protected":false},"excerpt":{"rendered":"<p>Petityu Upf50 + Uv Koruma \u00e7abuk Kuruyan Ayarlanabilir Laci ince Bebek \u015eapka 0-18 Ay Boyun Korumali upf50+ bebek \u015fapka<\/p>","protected":false},"featured_media":6693,"template":"","meta":[],"product_brand":[],"product_cat":[15,936,996],"product_tag":[],"class_list":{"0":"post-6694","1":"product","2":"type-product","3":"status-publish","4":"has-post-thumbnail","6":"product_cat-genel","7":"product_cat-erkekcocuk","8":"product_cat-sapka-erkekcocuk","10":"first","11":"instock","12":"taxable","13":"shipping-taxable","14":"purchasable","15":"product-type-simple"},"_links":{"self":[{"href":"https:\/\/petityu.com\/en\/wp-json\/wp\/v2\/product\/6694","targetHints":{"allow":["GET"]}}],"collection":[{"href":"https:\/\/petityu.com\/en\/wp-json\/wp\/v2\/product"}],"about":[{"href":"https:\/\/petityu.com\/en\/wp-json\/wp\/v2\/types\/product"}],"wp:featuredmedia":[{"embeddable":true,"href":"https:\/\/petityu.com\/en\/wp-json\/wp\/v2\/media\/6693"}],"wp:attachment":[{"href":"https:\/\/petityu.com\/en\/wp-json\/wp\/v2\/media?parent=6694"}],"wp:term":[{"taxonomy":"product_brand","embeddable":true,"href":"https:\/\/petityu.com\/en\/wp-json\/wp\/v2\/product_brand?post=6694"},{"taxonomy":"product_cat","embeddable":true,"href":"https:\/\/petityu.com\/en\/wp-json\/wp\/v2\/product_cat?post=6694"},{"taxonomy":"product_tag","embeddable":true,"href":"https:\/\/petityu.com\/en\/wp-json\/wp\/v2\/product_tag?post=6694"}],"curies":[{"name":"wp","href":"https:\/\/api.w.org\/{rel}","templated":true}]}}