{"id":6696,"date":"2024-09-19T15:57:59","date_gmt":"2024-09-19T12:57:59","guid":{"rendered":"https:\/\/petityu.com\/upf50-uv-koruma-cabuk-kuruyan-ayarlanabilir-mint-ince-bebek-sapka-0-18-ay-boyun-korumali\/"},"modified":"2026-04-16T23:41:30","modified_gmt":"2026-04-16T20:41:30","slug":"upf50-uv-koruma-cabuk-kuruyan-ayarlanabilir-mint-ince-bebek-sapka-0-18-ay-boyun-korumali","status":"publish","type":"product","link":"https:\/\/petityu.com\/en\/upf50-uv-koruma-cabuk-kuruyan-ayarlanabilir-mint-ince-bebek-sapka-0-18-ay-boyun-korumali\/","title":{"rendered":"Petityu Upf50+ Uv Koruma \u00c7abuk Kuruyan Ayarlanabilir Mint \u0130nce Bebek \u015eapka 0-18 Ay Boyun Korumal\u0131"},"content":{"rendered":"<p><p>Upf 50+ \u015fapka upf50+ g&uuml;ne\u015f korumal\u0131 bebek \u015fapka UV korumal\u0131 \u015fapka h\u0131zl\u0131 kuruyan \u015fapka 0-18 ay unisex g&uuml;ne\u015f korumal\u0131 \u015fapka boyundan ve kafa cevresinden ayarlanabilir Sapka<\/p><\/p>","protected":false},"excerpt":{"rendered":"<p>Upf 50+ \u015fapka upf50+ g&uuml;ne\u015f korumal\u0131 bebek \u015fapka UV korumal\u0131 \u015fapka h\u0131zl\u0131 kuruyan \u015fapka 0-18 ay unisex g&uuml;ne\u015f korumal\u0131 \u015fapka boyundan ve kafa cevresinden ayarlanabilir&hellip;<\/p>","protected":false},"featured_media":6695,"template":"","meta":[],"product_brand":[],"product_cat":[15,936,935,975,996],"product_tag":[],"class_list":{"0":"post-6696","1":"product","2":"type-product","3":"status-publish","4":"has-post-thumbnail","6":"product_cat-genel","7":"product_cat-erkekcocuk","8":"product_cat-kizcocuk","9":"product_cat-sapka","10":"product_cat-sapka-erkekcocuk","12":"first","13":"instock","14":"taxable","15":"shipping-taxable","16":"purchasable","17":"product-type-simple"},"_links":{"self":[{"href":"https:\/\/petityu.com\/en\/wp-json\/wp\/v2\/product\/6696","targetHints":{"allow":["GET"]}}],"collection":[{"href":"https:\/\/petityu.com\/en\/wp-json\/wp\/v2\/product"}],"about":[{"href":"https:\/\/petityu.com\/en\/wp-json\/wp\/v2\/types\/product"}],"wp:featuredmedia":[{"embeddable":true,"href":"https:\/\/petityu.com\/en\/wp-json\/wp\/v2\/media\/6695"}],"wp:attachment":[{"href":"https:\/\/petityu.com\/en\/wp-json\/wp\/v2\/media?parent=6696"}],"wp:term":[{"taxonomy":"product_brand","embeddable":true,"href":"https:\/\/petityu.com\/en\/wp-json\/wp\/v2\/product_brand?post=6696"},{"taxonomy":"product_cat","embeddable":true,"href":"https:\/\/petityu.com\/en\/wp-json\/wp\/v2\/product_cat?post=6696"},{"taxonomy":"product_tag","embeddable":true,"href":"https:\/\/petityu.com\/en\/wp-json\/wp\/v2\/product_tag?post=6696"}],"curies":[{"name":"wp","href":"https:\/\/api.w.org\/{rel}","templated":true}]}}