{"id":6700,"date":"2024-09-19T15:58:20","date_gmt":"2024-09-19T12:58:20","guid":{"rendered":"https:\/\/petityu.com\/marvel-spiderman-smiggle-ilkokul-sirt-cantasi-okul-cantasi\/"},"modified":"2025-12-24T15:12:36","modified_gmt":"2025-12-24T12:12:36","slug":"marvel-spiderman-smiggle-ilkokul-sirt-cantasi-okul-cantasi","status":"publish","type":"product","link":"https:\/\/petityu.com\/en\/marvel-spiderman-smiggle-ilkokul-sirt-cantasi-okul-cantasi\/","title":{"rendered":"Marvel Spiderman Smiggle \u0130lkokul S\u0131rt \u00c7antas\u0131 Okul \u00c7antas\u0131"},"content":{"rendered":"<p>Su ge\u00e7irmez \u00f6zelli\u011fi sayesinde, ya\u011fmurlu havalarda bile i\u00e7erisindeki e\u015fyalar\u0131n kuru kalmas\u0131n\u0131 sa\u011flar.; &#8220;Back to school&#8221; temas\u0131yla tasarlanm\u0131\u015f olup, \u00e7ocuklar\u0131n okula d\u00f6n\u00fc\u015f heyecan\u0131n\u0131 yans\u0131t\u0131r.; \u00c7ocuklara \u00f6zel olarak \u00fcretilmi\u015ftir; onlar\u0131n ihtiya\u00e7lar\u0131 g\u00f6z \u00f6n\u00fcnde bulundurularak ergonomik ve g\u00fcvenli bir kullan\u0131m sunar.; Canl\u0131 ve e\u011flenceli desenleriyle \u00e7ocuklar\u0131n ilgisini \u00e7eker, onlar\u0131 okula gitmek i\u00e7in motive eder.;<\/p>","protected":false},"excerpt":{"rendered":"<p>Su ge\u00e7irmez \u00f6zelli\u011fi sayesinde, ya\u011fmurlu havalarda bile i\u00e7erisindeki e\u015fyalar\u0131n kuru kalmas\u0131n\u0131 sa\u011flar.; &#8220;Back to school&#8221; temas\u0131yla tasarlanm\u0131\u015f olup, \u00e7ocuklar\u0131n okula d\u00f6n\u00fc\u015f heyecan\u0131n\u0131 yans\u0131t\u0131r.; \u00c7ocuklara \u00f6zel&hellip;<\/p>","protected":false},"featured_media":6697,"template":"","meta":[],"product_brand":[],"product_cat":[15,998,936],"product_tag":[],"class_list":{"0":"post-6700","1":"product","2":"type-product","3":"status-publish","4":"has-post-thumbnail","6":"product_cat-genel","7":"product_cat-canta","8":"product_cat-erkekcocuk","10":"first","11":"instock","12":"taxable","13":"shipping-taxable","14":"purchasable","15":"product-type-simple"},"_links":{"self":[{"href":"https:\/\/petityu.com\/en\/wp-json\/wp\/v2\/product\/6700","targetHints":{"allow":["GET"]}}],"collection":[{"href":"https:\/\/petityu.com\/en\/wp-json\/wp\/v2\/product"}],"about":[{"href":"https:\/\/petityu.com\/en\/wp-json\/wp\/v2\/types\/product"}],"wp:featuredmedia":[{"embeddable":true,"href":"https:\/\/petityu.com\/en\/wp-json\/wp\/v2\/media\/6697"}],"wp:attachment":[{"href":"https:\/\/petityu.com\/en\/wp-json\/wp\/v2\/media?parent=6700"}],"wp:term":[{"taxonomy":"product_brand","embeddable":true,"href":"https:\/\/petityu.com\/en\/wp-json\/wp\/v2\/product_brand?post=6700"},{"taxonomy":"product_cat","embeddable":true,"href":"https:\/\/petityu.com\/en\/wp-json\/wp\/v2\/product_cat?post=6700"},{"taxonomy":"product_tag","embeddable":true,"href":"https:\/\/petityu.com\/en\/wp-json\/wp\/v2\/product_tag?post=6700"}],"curies":[{"name":"wp","href":"https:\/\/api.w.org\/{rel}","templated":true}]}}