{"id":6702,"date":"2024-09-19T15:58:28","date_gmt":"2024-09-19T12:58:28","guid":{"rendered":"https:\/\/petityu.com\/hello-kitty-kirmizi-aicak-tutan-2-5-yas-eldiven\/"},"modified":"2026-02-24T16:13:23","modified_gmt":"2026-02-24T13:13:23","slug":"hello-kitty-kirmizi-aicak-tutan-2-5-yas-eldiven","status":"publish","type":"product","link":"https:\/\/petityu.com\/en\/hello-kitty-kirmizi-aicak-tutan-2-5-yas-eldiven\/","title":{"rendered":"Hello Kitty K\u0131rm\u0131z\u0131 S\u0131cak Tutan 2-5 ya\u015f Eldiven"},"content":{"rendered":"<p><p>2-5 yas Yumusacik sicak tutan eldiven Kiz cocuk kirmizi eldiven<\/p><\/p>","protected":false},"excerpt":{"rendered":"<p>2-5 yas Yumusacik sicak tutan eldiven Kiz cocuk kirmizi eldiven<\/p>","protected":false},"featured_media":6701,"template":"","meta":[],"product_brand":[],"product_cat":[981,15,935],"product_tag":[],"class_list":{"0":"post-6702","1":"product","2":"type-product","3":"status-publish","4":"has-post-thumbnail","6":"product_cat-bere-atki-eldiven","7":"product_cat-genel","8":"product_cat-kizcocuk","10":"first","11":"instock","12":"taxable","13":"shipping-taxable","14":"purchasable","15":"product-type-simple"},"_links":{"self":[{"href":"https:\/\/petityu.com\/en\/wp-json\/wp\/v2\/product\/6702","targetHints":{"allow":["GET"]}}],"collection":[{"href":"https:\/\/petityu.com\/en\/wp-json\/wp\/v2\/product"}],"about":[{"href":"https:\/\/petityu.com\/en\/wp-json\/wp\/v2\/types\/product"}],"wp:featuredmedia":[{"embeddable":true,"href":"https:\/\/petityu.com\/en\/wp-json\/wp\/v2\/media\/6701"}],"wp:attachment":[{"href":"https:\/\/petityu.com\/en\/wp-json\/wp\/v2\/media?parent=6702"}],"wp:term":[{"taxonomy":"product_brand","embeddable":true,"href":"https:\/\/petityu.com\/en\/wp-json\/wp\/v2\/product_brand?post=6702"},{"taxonomy":"product_cat","embeddable":true,"href":"https:\/\/petityu.com\/en\/wp-json\/wp\/v2\/product_cat?post=6702"},{"taxonomy":"product_tag","embeddable":true,"href":"https:\/\/petityu.com\/en\/wp-json\/wp\/v2\/product_tag?post=6702"}],"curies":[{"name":"wp","href":"https:\/\/api.w.org\/{rel}","templated":true}]}}