{"id":6704,"date":"2024-09-19T15:58:38","date_gmt":"2024-09-19T12:58:38","guid":{"rendered":"https:\/\/petityu.com\/sicacik-kulaklik-pembe-sirin-kislik-kulaklik-kulak-beresi-halk-koruma-8-yas\/"},"modified":"2026-02-24T16:27:34","modified_gmt":"2026-02-24T13:27:34","slug":"sicacik-kulaklik-pembe-sirin-kislik-kulaklik-kulak-beresi-halk-koruma-8-yas","status":"publish","type":"product","link":"https:\/\/petityu.com\/en\/sicacik-kulaklik-pembe-sirin-kislik-kulaklik-kulak-beresi-halk-koruma-8-yas\/","title":{"rendered":"S\u0131cac\u0131k Kulakl\u0131k Pembe \u015eirin K\u0131\u015fl\u0131k Kulakl\u0131k Kulak Beresim 8 ya\u015f +"},"content":{"rendered":"<p><p>pembe kulakl\u0131k kulak koruma s\u0131cak kulak kulak beresi k\u0131\u015fl\u0131k kulakl\u0131k<\/p><\/p>","protected":false},"excerpt":{"rendered":"<p>pembe kulakl\u0131k kulak koruma s\u0131cak kulak kulak beresi k\u0131\u015fl\u0131k kulakl\u0131k<\/p>","protected":false},"featured_media":6703,"template":"","meta":[],"product_brand":[],"product_cat":[15,981,935],"product_tag":[],"class_list":{"0":"post-6704","1":"product","2":"type-product","3":"status-publish","4":"has-post-thumbnail","6":"product_cat-genel","7":"product_cat-bere-atki-eldiven","8":"product_cat-kizcocuk","10":"first","11":"instock","12":"taxable","13":"shipping-taxable","14":"purchasable","15":"product-type-simple"},"_links":{"self":[{"href":"https:\/\/petityu.com\/en\/wp-json\/wp\/v2\/product\/6704","targetHints":{"allow":["GET"]}}],"collection":[{"href":"https:\/\/petityu.com\/en\/wp-json\/wp\/v2\/product"}],"about":[{"href":"https:\/\/petityu.com\/en\/wp-json\/wp\/v2\/types\/product"}],"wp:featuredmedia":[{"embeddable":true,"href":"https:\/\/petityu.com\/en\/wp-json\/wp\/v2\/media\/6703"}],"wp:attachment":[{"href":"https:\/\/petityu.com\/en\/wp-json\/wp\/v2\/media?parent=6704"}],"wp:term":[{"taxonomy":"product_brand","embeddable":true,"href":"https:\/\/petityu.com\/en\/wp-json\/wp\/v2\/product_brand?post=6704"},{"taxonomy":"product_cat","embeddable":true,"href":"https:\/\/petityu.com\/en\/wp-json\/wp\/v2\/product_cat?post=6704"},{"taxonomy":"product_tag","embeddable":true,"href":"https:\/\/petityu.com\/en\/wp-json\/wp\/v2\/product_tag?post=6704"}],"curies":[{"name":"wp","href":"https:\/\/api.w.org\/{rel}","templated":true}]}}