{"id":6706,"date":"2024-09-19T15:58:48","date_gmt":"2024-09-19T12:58:48","guid":{"rendered":"https:\/\/petityu.com\/pokemon-yumusacik-sicacik-tutan-cocuk-atki\/"},"modified":"2025-12-06T20:12:17","modified_gmt":"2025-12-06T17:12:17","slug":"pokemon-yumusacik-sicacik-tutan-cocuk-atki","status":"publish","type":"product","link":"https:\/\/petityu.com\/en\/pokemon-yumusacik-sicacik-tutan-cocuk-atki\/","title":{"rendered":"Pokemon Yumu\u015fac\u0131k S\u0131cac\u0131k Tutan \u00c7ocuk Atk\u0131"},"content":{"rendered":"<p><p>Bebekler ve \u00e7ocuklar i\u00e7in \u00f6zel olarak tasarlanm\u0131\u015f yumu\u015fac\u0131k ve s\u0131cak tutan atk\u0131, so\u011fuk k\u0131\u015f g\u00fcnlerinde miniklerin y\u00fcz\u00fcn\u00fc g\u00fcld\u00fcr\u00fcr.; Esnek ve yumu\u015fak yap\u0131s\u0131yla bebe\u011finizin hassas cildi i\u00e7in idealdir, ka\u015f\u0131nma riskini minimize eder.; Atk\u0131n\u0131n hafifli\u011fi ve s\u0131cakl\u0131\u011f\u0131, \u00e7ocu\u011funuzun boynuna tam oturarak s\u0131cak kalmas\u0131n\u0131 sa\u011flar.; Renkli ve e\u011flenceli tasar\u0131m\u0131yla \u00e7ocuklar\u0131n ilgisini \u00e7ekerken, ayn\u0131 zamanda stil sahibi g\u00f6r\u00fcnmelerini sa\u011flar.; Kolay temizlenebilir yap\u0131s\u0131 sayesinde pratik kullan\u0131m sunar; b\u00f6ylece s\u0131k y\u0131kama gerektiren so\u011fuk havalarda bile hijyenik kal\u0131r.; Pokemon temal\u0131 deseniyle \u00e7ocuklar\u0131n favorisi olacak bu atk\u0131, hem \u015f\u0131kl\u0131\u011f\u0131 hem de s\u0131cakl\u0131\u011f\u0131 bir arada sunarak k\u0131\u015f mevsiminin vazge\u00e7ilmezi olur.;<\/p><\/p>","protected":false},"excerpt":{"rendered":"<p>Bebekler ve \u00e7ocuklar i\u00e7in \u00f6zel olarak tasarlanm\u0131\u015f yumu\u015fac\u0131k ve s\u0131cak tutan atk\u0131, so\u011fuk k\u0131\u015f g\u00fcnlerinde miniklerin y\u00fcz\u00fcn\u00fc g\u00fcld\u00fcr\u00fcr.; Esnek ve yumu\u015fak yap\u0131s\u0131yla bebe\u011finizin hassas cildi&hellip;<\/p>","protected":false},"featured_media":6705,"template":"","meta":[],"product_brand":[],"product_cat":[15,997,981,936,935],"product_tag":[],"class_list":{"0":"post-6706","1":"product","2":"type-product","3":"status-publish","4":"has-post-thumbnail","6":"product_cat-genel","7":"product_cat-atki-bere-eldiven","8":"product_cat-bere-atki-eldiven","9":"product_cat-erkekcocuk","10":"product_cat-kizcocuk","12":"first","13":"instock","14":"taxable","15":"shipping-taxable","16":"purchasable","17":"product-type-simple"},"_links":{"self":[{"href":"https:\/\/petityu.com\/en\/wp-json\/wp\/v2\/product\/6706","targetHints":{"allow":["GET"]}}],"collection":[{"href":"https:\/\/petityu.com\/en\/wp-json\/wp\/v2\/product"}],"about":[{"href":"https:\/\/petityu.com\/en\/wp-json\/wp\/v2\/types\/product"}],"wp:featuredmedia":[{"embeddable":true,"href":"https:\/\/petityu.com\/en\/wp-json\/wp\/v2\/media\/6705"}],"wp:attachment":[{"href":"https:\/\/petityu.com\/en\/wp-json\/wp\/v2\/media?parent=6706"}],"wp:term":[{"taxonomy":"product_brand","embeddable":true,"href":"https:\/\/petityu.com\/en\/wp-json\/wp\/v2\/product_brand?post=6706"},{"taxonomy":"product_cat","embeddable":true,"href":"https:\/\/petityu.com\/en\/wp-json\/wp\/v2\/product_cat?post=6706"},{"taxonomy":"product_tag","embeddable":true,"href":"https:\/\/petityu.com\/en\/wp-json\/wp\/v2\/product_tag?post=6706"}],"curies":[{"name":"wp","href":"https:\/\/api.w.org\/{rel}","templated":true}]}}