{"id":6710,"date":"2024-09-19T15:59:08","date_gmt":"2024-09-19T12:59:08","guid":{"rendered":"https:\/\/petityu.com\/unicorn-aplikeli-orme-bere-ve-eldiven-ikili-set\/"},"modified":"2025-12-29T10:12:59","modified_gmt":"2025-12-29T07:12:59","slug":"unicorn-aplikeli-orme-bere-ve-eldiven-ikili-set","status":"publish","type":"product","link":"https:\/\/petityu.com\/en\/unicorn-aplikeli-orme-bere-ve-eldiven-ikili-set\/","title":{"rendered":"Petityu Unicorn Aplikeli \u00d6rme Bere Ve Eldiven \u0130kili Set"},"content":{"rendered":"<p>Bebekler ve &ccedil;ocuklar i&ccedil;in &ouml;zel olarak tasarlanm\u0131\u015f, sevimli unicorn aplik detaylar\u0131yla s&uuml;slenmi\u015f, s\u0131cak tutan ve \u015f\u0131k bir g&ouml;r&uuml;n&uuml;m sunan &ouml;rme bere.; K\u0131\u015f aylar\u0131nda so\u011fuk havalarda bebe\u011finizin veya &ccedil;ocu\u011funuzun ba\u015f\u0131n\u0131 s\u0131cak tutacak \u015fekilde &uuml;retilmi\u015f, yumu\u015fak dokusuyla konforlu bir kullan\u0131m sa\u011flar.; Elastik yap\u0131s\u0131 sayesinde farkl\u0131 boyutlara uyum sa\u011flayarak kolayca ayarlanabilir ve rahat bir oturu\u015f sunar.; Eldivenler de ayn\u0131 \u015fekilde &ouml;rme kuma\u015ftan &uuml;retilmi\u015f olup, elleri s\u0131cak tutarken dayan\u0131kl\u0131 yap\u0131s\u0131yla uzun s&uuml;reli kullan\u0131m imkan\u0131 verir.; \u0130ki par&ccedil;adan olu\u015fan set halinde gelen bu &uuml;r&uuml;n, hem bere hem de eldiven ile tam bir k\u0131\u015f kombini olu\u015fturman\u0131z\u0131 sa\u011flar.;<\/p>","protected":false},"excerpt":{"rendered":"<p>Bebekler ve &ccedil;ocuklar i&ccedil;in &ouml;zel olarak tasarlanm\u0131\u015f, sevimli unicorn aplik detaylar\u0131yla s&uuml;slenmi\u015f, s\u0131cak tutan ve \u015f\u0131k bir g&ouml;r&uuml;n&uuml;m sunan &ouml;rme bere.; K\u0131\u015f aylar\u0131nda so\u011fuk havalarda&hellip;<\/p>","protected":false},"featured_media":6707,"template":"","meta":[],"product_brand":[],"product_cat":[981,15,935],"product_tag":[],"class_list":{"0":"post-6710","1":"product","2":"type-product","3":"status-publish","4":"has-post-thumbnail","6":"product_cat-bere-atki-eldiven","7":"product_cat-genel","8":"product_cat-kizcocuk","10":"first","11":"instock","12":"taxable","13":"shipping-taxable","14":"purchasable","15":"product-type-simple"},"_links":{"self":[{"href":"https:\/\/petityu.com\/en\/wp-json\/wp\/v2\/product\/6710","targetHints":{"allow":["GET"]}}],"collection":[{"href":"https:\/\/petityu.com\/en\/wp-json\/wp\/v2\/product"}],"about":[{"href":"https:\/\/petityu.com\/en\/wp-json\/wp\/v2\/types\/product"}],"wp:featuredmedia":[{"embeddable":true,"href":"https:\/\/petityu.com\/en\/wp-json\/wp\/v2\/media\/6707"}],"wp:attachment":[{"href":"https:\/\/petityu.com\/en\/wp-json\/wp\/v2\/media?parent=6710"}],"wp:term":[{"taxonomy":"product_brand","embeddable":true,"href":"https:\/\/petityu.com\/en\/wp-json\/wp\/v2\/product_brand?post=6710"},{"taxonomy":"product_cat","embeddable":true,"href":"https:\/\/petityu.com\/en\/wp-json\/wp\/v2\/product_cat?post=6710"},{"taxonomy":"product_tag","embeddable":true,"href":"https:\/\/petityu.com\/en\/wp-json\/wp\/v2\/product_tag?post=6710"}],"curies":[{"name":"wp","href":"https:\/\/api.w.org\/{rel}","templated":true}]}}