{"id":6716,"date":"2024-09-19T15:59:40","date_gmt":"2024-09-19T12:59:40","guid":{"rendered":"https:\/\/petityu.com\/organik-koton-beyaz-el-orgusu-cocuk-yelek-knittedbygrandma\/"},"modified":"2025-08-21T14:00:02","modified_gmt":"2025-08-21T11:00:02","slug":"organik-koton-beyaz-el-orgusu-cocuk-yelek-knittedbygrandma","status":"publish","type":"product","link":"https:\/\/petityu.com\/en\/organik-koton-beyaz-el-orgusu-cocuk-yelek-knittedbygrandma\/","title":{"rendered":"organik koton beyaz el \u00f6rg\u00fcs\u00fc \u00e7ocuk yelek knittedbygrandma"},"content":{"rendered":"<p><p>Organik koton malzemeden \u00fcretilmi\u015f olup, bebe\u011finizin hassas cildiyle uyumlu dokusuyla dikkat \u00e7eker.; \u00d6rme kuma\u015f\u0131 sayesinde esnek yap\u0131s\u0131yla \u00e7ocuklar\u0131n hareket \u00f6zg\u00fcrl\u00fc\u011f\u00fcn\u00fc k\u0131s\u0131tlamaz ve konfor sa\u011flar.; Pratik cepli tasar\u0131m\u0131 ile k\u00fc\u00e7\u00fck e\u015fyalar\u0131 kolayca saklaman\u0131z\u0131 sa\u011flar.; Orta kal\u0131nl\u0131\u011f\u0131ndaki kuma\u015f\u0131 mevsim ge\u00e7i\u015flerinde ideal koruma sunar.; Regular boyu sayesinde \u00e7ocu\u011funuzun v\u00fccut hatlar\u0131n\u0131 saran ancak s\u0131kmayan bir yap\u0131ya sahiptir.; Bebek &amp; \u00e7ocuk grubuna y\u00f6nelik olarak tasarlanm\u0131\u015ft\u0131r; \u015f\u0131k ve fonksiyonel bir aksesuar olarak gardrobun vazge\u00e7ilmez par\u00e7as\u0131 olur.;<\/p><\/p>","protected":false},"excerpt":{"rendered":"<p>Organik koton malzemeden \u00fcretilmi\u015f olup, bebe\u011finizin hassas cildiyle uyumlu dokusuyla dikkat \u00e7eker.; \u00d6rme kuma\u015f\u0131 sayesinde esnek yap\u0131s\u0131yla \u00e7ocuklar\u0131n hareket \u00f6zg\u00fcrl\u00fc\u011f\u00fcn\u00fc k\u0131s\u0131tlamaz ve konfor sa\u011flar.; Pratik&hellip;<\/p>","protected":false},"featured_media":6715,"template":"","meta":[],"product_brand":[],"product_cat":[936,15,935,985,989],"product_tag":[],"class_list":{"0":"post-6716","1":"product","2":"type-product","3":"status-publish","4":"has-post-thumbnail","6":"product_cat-erkekcocuk","7":"product_cat-genel","8":"product_cat-kizcocuk","9":"product_cat-orgu-yelek","10":"product_cat-orgu-yelek-erkekcocuk","12":"first","13":"outofstock","14":"taxable","15":"shipping-taxable","16":"purchasable","17":"product-type-simple"},"_links":{"self":[{"href":"https:\/\/petityu.com\/en\/wp-json\/wp\/v2\/product\/6716","targetHints":{"allow":["GET"]}}],"collection":[{"href":"https:\/\/petityu.com\/en\/wp-json\/wp\/v2\/product"}],"about":[{"href":"https:\/\/petityu.com\/en\/wp-json\/wp\/v2\/types\/product"}],"wp:featuredmedia":[{"embeddable":true,"href":"https:\/\/petityu.com\/en\/wp-json\/wp\/v2\/media\/6715"}],"wp:attachment":[{"href":"https:\/\/petityu.com\/en\/wp-json\/wp\/v2\/media?parent=6716"}],"wp:term":[{"taxonomy":"product_brand","embeddable":true,"href":"https:\/\/petityu.com\/en\/wp-json\/wp\/v2\/product_brand?post=6716"},{"taxonomy":"product_cat","embeddable":true,"href":"https:\/\/petityu.com\/en\/wp-json\/wp\/v2\/product_cat?post=6716"},{"taxonomy":"product_tag","embeddable":true,"href":"https:\/\/petityu.com\/en\/wp-json\/wp\/v2\/product_tag?post=6716"}],"curies":[{"name":"wp","href":"https:\/\/api.w.org\/{rel}","templated":true}]}}