{"id":6719,"date":"2024-09-19T15:59:54","date_gmt":"2024-09-19T12:59:54","guid":{"rendered":"https:\/\/petityu.com\/parlak-simli-unicorn-buyuk-dikdortgen-kalem-kutusu\/"},"modified":"2026-04-30T13:33:43","modified_gmt":"2026-04-30T10:33:43","slug":"parlak-simli-unicorn-buyuk-dikdortgen-kalem-kutusu","status":"publish","type":"product","link":"https:\/\/petityu.com\/en\/parlak-simli-unicorn-buyuk-dikdortgen-kalem-kutusu\/","title":{"rendered":"Parlak Simli Unicorn b\u00fcy\u00fck dikd\u00f6rtgen kalem kutusu"},"content":{"rendered":"<p><p>22,5*15,5*5 cm simli kalem kutu b\u00fcy\u00fck dikd\u00f6rtgen parlak kalem kutu<\/p><\/p>","protected":false},"excerpt":{"rendered":"<p>22,5*15,5*5 cm simli kalem kutu b\u00fcy\u00fck dikd\u00f6rtgen parlak kalem kutu<\/p>","protected":false},"featured_media":6717,"template":"","meta":[],"product_brand":[],"product_cat":[15,980,935],"product_tag":[],"class_list":{"0":"post-6719","1":"product","2":"type-product","3":"status-publish","4":"has-post-thumbnail","6":"product_cat-genel","7":"product_cat-kalem-kutusu-kizcocuk","8":"product_cat-kizcocuk","10":"first","11":"instock","12":"taxable","13":"shipping-taxable","14":"purchasable","15":"product-type-simple"},"_links":{"self":[{"href":"https:\/\/petityu.com\/en\/wp-json\/wp\/v2\/product\/6719","targetHints":{"allow":["GET"]}}],"collection":[{"href":"https:\/\/petityu.com\/en\/wp-json\/wp\/v2\/product"}],"about":[{"href":"https:\/\/petityu.com\/en\/wp-json\/wp\/v2\/types\/product"}],"wp:featuredmedia":[{"embeddable":true,"href":"https:\/\/petityu.com\/en\/wp-json\/wp\/v2\/media\/6717"}],"wp:attachment":[{"href":"https:\/\/petityu.com\/en\/wp-json\/wp\/v2\/media?parent=6719"}],"wp:term":[{"taxonomy":"product_brand","embeddable":true,"href":"https:\/\/petityu.com\/en\/wp-json\/wp\/v2\/product_brand?post=6719"},{"taxonomy":"product_cat","embeddable":true,"href":"https:\/\/petityu.com\/en\/wp-json\/wp\/v2\/product_cat?post=6719"},{"taxonomy":"product_tag","embeddable":true,"href":"https:\/\/petityu.com\/en\/wp-json\/wp\/v2\/product_tag?post=6719"}],"curies":[{"name":"wp","href":"https:\/\/api.w.org\/{rel}","templated":true}]}}