{"id":6730,"date":"2024-09-19T16:01:12","date_gmt":"2024-09-19T13:01:12","guid":{"rendered":"https:\/\/petityu.com\/dinazor-pipetli-mint-yesili-suluk-kamisli-su-matarasi-askili-mini-tasima-heybeli-su-matarasi\/"},"modified":"2025-08-21T14:22:47","modified_gmt":"2025-08-21T11:22:47","slug":"dinazor-pipetli-mint-yesili-suluk-kamisli-su-matarasi-askili-mini-tasima-heybeli-su-matarasi","status":"publish","type":"product","link":"https:\/\/petityu.com\/en\/dinazor-pipetli-mint-yesili-suluk-kamisli-su-matarasi-askili-mini-tasima-heybeli-su-matarasi\/","title":{"rendered":"Dinazor Pipetli mint ye\u015fili Suluk Kamisli Su Matarasi Askili Mini Tasima Heybeli Su Matarasi"},"content":{"rendered":"<p><p>Pipetli suluk matara Bpa free Ta\u015f\u0131ma \u00e7antal\u0131 p\u011fipetli su mataras\u0131 Suluk 550 ml<\/p><\/p>","protected":false},"excerpt":{"rendered":"<p>Pipetli suluk matara Bpa free Ta\u015f\u0131ma \u00e7antal\u0131 p\u011fipetli su mataras\u0131 Suluk 550 ml<\/p>","protected":false},"featured_media":6729,"template":"","meta":[],"product_brand":[],"product_cat":[936,15,937],"product_tag":[],"class_list":{"0":"post-6730","1":"product","2":"type-product","3":"status-publish","4":"has-post-thumbnail","6":"product_cat-erkekcocuk","7":"product_cat-genel","8":"product_cat-matara-suluk-termos","10":"first","11":"outofstock","12":"taxable","13":"shipping-taxable","14":"purchasable","15":"product-type-simple"},"_links":{"self":[{"href":"https:\/\/petityu.com\/en\/wp-json\/wp\/v2\/product\/6730","targetHints":{"allow":["GET"]}}],"collection":[{"href":"https:\/\/petityu.com\/en\/wp-json\/wp\/v2\/product"}],"about":[{"href":"https:\/\/petityu.com\/en\/wp-json\/wp\/v2\/types\/product"}],"wp:featuredmedia":[{"embeddable":true,"href":"https:\/\/petityu.com\/en\/wp-json\/wp\/v2\/media\/6729"}],"wp:attachment":[{"href":"https:\/\/petityu.com\/en\/wp-json\/wp\/v2\/media?parent=6730"}],"wp:term":[{"taxonomy":"product_brand","embeddable":true,"href":"https:\/\/petityu.com\/en\/wp-json\/wp\/v2\/product_brand?post=6730"},{"taxonomy":"product_cat","embeddable":true,"href":"https:\/\/petityu.com\/en\/wp-json\/wp\/v2\/product_cat?post=6730"},{"taxonomy":"product_tag","embeddable":true,"href":"https:\/\/petityu.com\/en\/wp-json\/wp\/v2\/product_tag?post=6730"}],"curies":[{"name":"wp","href":"https:\/\/api.w.org\/{rel}","templated":true}]}}