{"id":6734,"date":"2024-09-19T16:01:32","date_gmt":"2024-09-19T13:01:32","guid":{"rendered":"https:\/\/petityu.com\/anaokulu-canta-yarim-donut-kalpli-hardcase-pembe-anaokulu-sirt-cantasi\/"},"modified":"2026-04-09T16:46:41","modified_gmt":"2026-04-09T13:46:41","slug":"anaokulu-canta-yarim-donut-kalpli-hardcase-pembe-anaokulu-sirt-cantasi","status":"publish","type":"product","link":"https:\/\/petityu.com\/en\/anaokulu-canta-yarim-donut-kalpli-hardcase-pembe-anaokulu-sirt-cantasi\/","title":{"rendered":"Petityu Pembe Anaokulu S\u0131rt \u00c7antas\u0131 Yar\u0131m Donut Kalpli Hardcase"},"content":{"rendered":"<p><p>pembe minik anaokulu s\u0131rt \u00e7antas\u0131 hafif su ge\u00e7irmez s\u0131rt k\u0131sm\u0131 hava al\u0131r mesh kuma\u015ftan<\/p><\/p>","protected":false},"excerpt":{"rendered":"<p>pembe minik anaokulu s\u0131rt \u00e7antas\u0131 hafif su ge\u00e7irmez s\u0131rt k\u0131sm\u0131 hava al\u0131r mesh kuma\u015ftan<\/p>","protected":false},"featured_media":6731,"template":"","meta":[],"product_brand":[],"product_cat":[909,15,935],"product_tag":[],"class_list":{"0":"post-6734","1":"product","2":"type-product","3":"status-publish","4":"has-post-thumbnail","6":"product_cat-cantaa","7":"product_cat-genel","8":"product_cat-kizcocuk","10":"first","11":"instock","12":"taxable","13":"shipping-taxable","14":"purchasable","15":"product-type-simple"},"_links":{"self":[{"href":"https:\/\/petityu.com\/en\/wp-json\/wp\/v2\/product\/6734","targetHints":{"allow":["GET"]}}],"collection":[{"href":"https:\/\/petityu.com\/en\/wp-json\/wp\/v2\/product"}],"about":[{"href":"https:\/\/petityu.com\/en\/wp-json\/wp\/v2\/types\/product"}],"wp:featuredmedia":[{"embeddable":true,"href":"https:\/\/petityu.com\/en\/wp-json\/wp\/v2\/media\/6731"}],"wp:attachment":[{"href":"https:\/\/petityu.com\/en\/wp-json\/wp\/v2\/media?parent=6734"}],"wp:term":[{"taxonomy":"product_brand","embeddable":true,"href":"https:\/\/petityu.com\/en\/wp-json\/wp\/v2\/product_brand?post=6734"},{"taxonomy":"product_cat","embeddable":true,"href":"https:\/\/petityu.com\/en\/wp-json\/wp\/v2\/product_cat?post=6734"},{"taxonomy":"product_tag","embeddable":true,"href":"https:\/\/petityu.com\/en\/wp-json\/wp\/v2\/product_tag?post=6734"}],"curies":[{"name":"wp","href":"https:\/\/api.w.org\/{rel}","templated":true}]}}