{"id":6738,"date":"2024-09-19T16:01:51","date_gmt":"2024-09-19T13:01:51","guid":{"rendered":"https:\/\/petityu.com\/3lu-ucgen-pamuk-bebek-onlugu-arabali-mama-tukuruk-onlugu-kirmizi-traktor\/"},"modified":"2026-03-31T18:04:47","modified_gmt":"2026-03-31T15:04:47","slug":"3lu-ucgen-pamuk-bebek-onlugu-arabali-mama-tukuruk-onlugu-kirmizi-traktor","status":"publish","type":"product","link":"https:\/\/petityu.com\/en\/3lu-ucgen-pamuk-bebek-onlugu-arabali-mama-tukuruk-onlugu-kirmizi-traktor\/","title":{"rendered":"3&#8217;l\u00fc \u00fc\u00e7gen pamuk bebek \u00f6nl\u00fc\u011f\u00fc arabal\u0131 mama t\u00fck\u00fcr\u00fck \u00f6nl\u00fc\u011f\u00fc k\u0131rm\u0131z\u0131 trakt\u00f6r"},"content":{"rendered":"<p><p>3 adet mama \u00f6nl\u00fc\u011f\u00fc pamuklu mama \u00f6nl\u00fc\u011f\u00fc 3 adet \u00e7\u0131t\u00e7\u0131tl\u0131 \u00fc\u00e7gen mama \u00f6nl\u00fc\u011f\u00fc<\/p><\/p>","protected":false},"excerpt":{"rendered":"<p>3 adet mama \u00f6nl\u00fc\u011f\u00fc pamuklu mama \u00f6nl\u00fc\u011f\u00fc 3 adet \u00e7\u0131t\u00e7\u0131tl\u0131 \u00fc\u00e7gen mama \u00f6nl\u00fc\u011f\u00fc<\/p>","protected":false},"featured_media":6737,"template":"","meta":[],"product_brand":[],"product_cat":[15,936,990],"product_tag":[],"class_list":{"0":"post-6738","1":"product","2":"type-product","3":"status-publish","4":"has-post-thumbnail","6":"product_cat-genel","7":"product_cat-erkekcocuk","8":"product_cat-mama-onlugu-erkekcocuk","10":"first","11":"instock","12":"taxable","13":"shipping-taxable","14":"purchasable","15":"product-type-simple"},"_links":{"self":[{"href":"https:\/\/petityu.com\/en\/wp-json\/wp\/v2\/product\/6738","targetHints":{"allow":["GET"]}}],"collection":[{"href":"https:\/\/petityu.com\/en\/wp-json\/wp\/v2\/product"}],"about":[{"href":"https:\/\/petityu.com\/en\/wp-json\/wp\/v2\/types\/product"}],"wp:featuredmedia":[{"embeddable":true,"href":"https:\/\/petityu.com\/en\/wp-json\/wp\/v2\/media\/6737"}],"wp:attachment":[{"href":"https:\/\/petityu.com\/en\/wp-json\/wp\/v2\/media?parent=6738"}],"wp:term":[{"taxonomy":"product_brand","embeddable":true,"href":"https:\/\/petityu.com\/en\/wp-json\/wp\/v2\/product_brand?post=6738"},{"taxonomy":"product_cat","embeddable":true,"href":"https:\/\/petityu.com\/en\/wp-json\/wp\/v2\/product_cat?post=6738"},{"taxonomy":"product_tag","embeddable":true,"href":"https:\/\/petityu.com\/en\/wp-json\/wp\/v2\/product_tag?post=6738"}],"curies":[{"name":"wp","href":"https:\/\/api.w.org\/{rel}","templated":true}]}}