{"id":6740,"date":"2024-09-19T16:02:00","date_gmt":"2024-09-19T13:02:00","guid":{"rendered":"https:\/\/petityu.com\/3lu-ucgen-pamuk-bebek-onlugu-arabali-mama-tukuruk-onlugu\/"},"modified":"2026-03-31T17:37:51","modified_gmt":"2026-03-31T14:37:51","slug":"3lu-ucgen-pamuk-bebek-onlugu-arabali-mama-tukuruk-onlugu","status":"publish","type":"product","link":"https:\/\/petityu.com\/en\/3lu-ucgen-pamuk-bebek-onlugu-arabali-mama-tukuruk-onlugu\/","title":{"rendered":"Petityu 3&#8217;l\u00fc \u00dc\u00e7gen Pamuk Bebek \u00d6nl\u00fc\u011f\u00fc Arabal\u0131 Mama \u00d6nl\u00fc\u011f\u00fc"},"content":{"rendered":"<p><p>3 adet mama \u00f6nl\u00fc\u011f\u00fc pamuklu mama \u00f6nl\u00fc\u011f\u00fc 3 adet \u00e7\u0131t\u00e7\u0131tl\u0131 \u00fc\u00e7gen mama \u00f6nl\u00fc\u011f\u00fc<\/p><\/p>","protected":false},"excerpt":{"rendered":"<p>3 adet mama \u00f6nl\u00fc\u011f\u00fc pamuklu mama \u00f6nl\u00fc\u011f\u00fc 3 adet \u00e7\u0131t\u00e7\u0131tl\u0131 \u00fc\u00e7gen mama \u00f6nl\u00fc\u011f\u00fc<\/p>","protected":false},"featured_media":6739,"template":"","meta":[],"product_brand":[],"product_cat":[15,936,990],"product_tag":[],"class_list":{"0":"post-6740","1":"product","2":"type-product","3":"status-publish","4":"has-post-thumbnail","6":"product_cat-genel","7":"product_cat-erkekcocuk","8":"product_cat-mama-onlugu-erkekcocuk","10":"first","11":"outofstock","12":"taxable","13":"shipping-taxable","14":"purchasable","15":"product-type-simple"},"_links":{"self":[{"href":"https:\/\/petityu.com\/en\/wp-json\/wp\/v2\/product\/6740","targetHints":{"allow":["GET"]}}],"collection":[{"href":"https:\/\/petityu.com\/en\/wp-json\/wp\/v2\/product"}],"about":[{"href":"https:\/\/petityu.com\/en\/wp-json\/wp\/v2\/types\/product"}],"wp:featuredmedia":[{"embeddable":true,"href":"https:\/\/petityu.com\/en\/wp-json\/wp\/v2\/media\/6739"}],"wp:attachment":[{"href":"https:\/\/petityu.com\/en\/wp-json\/wp\/v2\/media?parent=6740"}],"wp:term":[{"taxonomy":"product_brand","embeddable":true,"href":"https:\/\/petityu.com\/en\/wp-json\/wp\/v2\/product_brand?post=6740"},{"taxonomy":"product_cat","embeddable":true,"href":"https:\/\/petityu.com\/en\/wp-json\/wp\/v2\/product_cat?post=6740"},{"taxonomy":"product_tag","embeddable":true,"href":"https:\/\/petityu.com\/en\/wp-json\/wp\/v2\/product_tag?post=6740"}],"curies":[{"name":"wp","href":"https:\/\/api.w.org\/{rel}","templated":true}]}}