{"id":6745,"date":"2024-09-19T16:02:24","date_gmt":"2024-09-19T13:02:24","guid":{"rendered":"https:\/\/petityu.com\/mor-unicorn-termos-cantali-suluk\/"},"modified":"2025-08-21T14:22:28","modified_gmt":"2025-08-21T11:22:28","slug":"mor-unicorn-termos-cantali-suluk","status":"publish","type":"product","link":"https:\/\/petityu.com\/en\/mor-unicorn-termos-cantali-suluk\/","title":{"rendered":"Mor unicorn termos \u00e7antal\u0131 suluk"},"content":{"rendered":"<p><p>Termos suluk bpa free 500 ml \u00e7antal\u0131<\/p><\/p>","protected":false},"excerpt":{"rendered":"<p>Termos suluk bpa free 500 ml \u00e7antal\u0131<\/p>","protected":false},"featured_media":6743,"template":"","meta":[],"product_brand":[],"product_cat":[15,935,982],"product_tag":[],"class_list":{"0":"post-6745","1":"product","2":"type-product","3":"status-publish","4":"has-post-thumbnail","6":"product_cat-genel","7":"product_cat-kizcocuk","8":"product_cat-matara-termos-suluk","10":"first","11":"outofstock","12":"taxable","13":"shipping-taxable","14":"purchasable","15":"product-type-simple"},"_links":{"self":[{"href":"https:\/\/petityu.com\/en\/wp-json\/wp\/v2\/product\/6745","targetHints":{"allow":["GET"]}}],"collection":[{"href":"https:\/\/petityu.com\/en\/wp-json\/wp\/v2\/product"}],"about":[{"href":"https:\/\/petityu.com\/en\/wp-json\/wp\/v2\/types\/product"}],"wp:featuredmedia":[{"embeddable":true,"href":"https:\/\/petityu.com\/en\/wp-json\/wp\/v2\/media\/6743"}],"wp:attachment":[{"href":"https:\/\/petityu.com\/en\/wp-json\/wp\/v2\/media?parent=6745"}],"wp:term":[{"taxonomy":"product_brand","embeddable":true,"href":"https:\/\/petityu.com\/en\/wp-json\/wp\/v2\/product_brand?post=6745"},{"taxonomy":"product_cat","embeddable":true,"href":"https:\/\/petityu.com\/en\/wp-json\/wp\/v2\/product_cat?post=6745"},{"taxonomy":"product_tag","embeddable":true,"href":"https:\/\/petityu.com\/en\/wp-json\/wp\/v2\/product_tag?post=6745"}],"curies":[{"name":"wp","href":"https:\/\/api.w.org\/{rel}","templated":true}]}}