{"id":6751,"date":"2024-09-19T16:02:57","date_gmt":"2024-09-19T13:02:57","guid":{"rendered":"https:\/\/petityu.com\/smiggle-futbol-ilkokul-ortaokul-lise-cantasi\/"},"modified":"2026-03-02T16:08:49","modified_gmt":"2026-03-02T13:08:49","slug":"smiggle-futbol-ilkokul-ortaokul-lise-cantasi","status":"publish","type":"product","link":"https:\/\/petityu.com\/en\/smiggle-futbol-ilkokul-ortaokul-lise-cantasi\/","title":{"rendered":"Smiggle Futbol \u0130lkokul Ortaokul Lise \u00c7antas\u0131"},"content":{"rendered":"<p><p>Buyuk boy futbolseverlere s\u0131rt cantas\u0131 Smiggle markal\u0131 top canta<\/p><\/p>","protected":false},"excerpt":{"rendered":"<p>Buyuk boy futbolseverlere s\u0131rt cantas\u0131 Smiggle markal\u0131 top canta<\/p>","protected":false},"featured_media":6746,"template":"","meta":[],"product_brand":[],"product_cat":[998,936,15],"product_tag":[],"class_list":{"0":"post-6751","1":"product","2":"type-product","3":"status-publish","4":"has-post-thumbnail","6":"product_cat-canta","7":"product_cat-erkekcocuk","8":"product_cat-genel","10":"first","11":"instock","12":"taxable","13":"shipping-taxable","14":"purchasable","15":"product-type-simple"},"_links":{"self":[{"href":"https:\/\/petityu.com\/en\/wp-json\/wp\/v2\/product\/6751","targetHints":{"allow":["GET"]}}],"collection":[{"href":"https:\/\/petityu.com\/en\/wp-json\/wp\/v2\/product"}],"about":[{"href":"https:\/\/petityu.com\/en\/wp-json\/wp\/v2\/types\/product"}],"wp:featuredmedia":[{"embeddable":true,"href":"https:\/\/petityu.com\/en\/wp-json\/wp\/v2\/media\/6746"}],"wp:attachment":[{"href":"https:\/\/petityu.com\/en\/wp-json\/wp\/v2\/media?parent=6751"}],"wp:term":[{"taxonomy":"product_brand","embeddable":true,"href":"https:\/\/petityu.com\/en\/wp-json\/wp\/v2\/product_brand?post=6751"},{"taxonomy":"product_cat","embeddable":true,"href":"https:\/\/petityu.com\/en\/wp-json\/wp\/v2\/product_cat?post=6751"},{"taxonomy":"product_tag","embeddable":true,"href":"https:\/\/petityu.com\/en\/wp-json\/wp\/v2\/product_tag?post=6751"}],"curies":[{"name":"wp","href":"https:\/\/api.w.org\/{rel}","templated":true}]}}