{"id":6753,"date":"2024-09-19T16:03:06","date_gmt":"2024-09-19T13:03:06","guid":{"rendered":"https:\/\/petityu.com\/spiderman-anaokulu-canta-marvel\/"},"modified":"2025-09-15T16:56:21","modified_gmt":"2025-09-15T13:56:21","slug":"spiderman-anaokulu-canta-marvel","status":"publish","type":"product","link":"https:\/\/petityu.com\/en\/spiderman-anaokulu-canta-marvel\/","title":{"rendered":"spiderman anaokulu \u00e7anta marvel"},"content":{"rendered":"<p><p>Su itici \u00f6zelli\u011fi sayesinde ya\u011fmurlu havalarda bile i\u00e7erisindeki e\u015fyalar\u0131n kuru kalmas\u0131n\u0131 sa\u011flar.; \u00c7ocuklar i\u00e7in \u00f6zel olarak tasarlanm\u0131\u015f, dayan\u0131kl\u0131 ve g\u00fcvenli bir yap\u0131ya sahip s\u0131rt \u00e7antas\u0131.; Marvel Spiderman temal\u0131 deseniyle \u00e7ocuklar\u0131n ilgisini \u00e7eker ve onlar\u0131 okula gitmek i\u00e7in heyecanland\u0131r\u0131r.; Okula d\u00f6n\u00fc\u015f d\u00f6nemine \u00f6zel olarak haz\u0131rlanm\u0131\u015f, hem fonksiyonel hem de e\u011flenceli bir aksesuar se\u00e7ene\u011fi sunar.; Ergonomik s\u0131rt \u00e7antas\u0131 tasar\u0131m\u0131 ile \u00e7ocuklar\u0131n rahat\u00e7a ta\u015f\u0131yabilece\u011fi \u015fekilde \u00fcretilmi\u015ftir.;<\/p><\/p>","protected":false},"excerpt":{"rendered":"<p>Su itici \u00f6zelli\u011fi sayesinde ya\u011fmurlu havalarda bile i\u00e7erisindeki e\u015fyalar\u0131n kuru kalmas\u0131n\u0131 sa\u011flar.; \u00c7ocuklar i\u00e7in \u00f6zel olarak tasarlanm\u0131\u015f, dayan\u0131kl\u0131 ve g\u00fcvenli bir yap\u0131ya sahip s\u0131rt \u00e7antas\u0131.;&hellip;<\/p>","protected":false},"featured_media":6752,"template":"","meta":[],"product_brand":[],"product_cat":[998,936,15],"product_tag":[],"class_list":{"0":"post-6753","1":"product","2":"type-product","3":"status-publish","4":"has-post-thumbnail","6":"product_cat-canta","7":"product_cat-erkekcocuk","8":"product_cat-genel","10":"first","11":"outofstock","12":"taxable","13":"shipping-taxable","14":"purchasable","15":"product-type-simple"},"_links":{"self":[{"href":"https:\/\/petityu.com\/en\/wp-json\/wp\/v2\/product\/6753","targetHints":{"allow":["GET"]}}],"collection":[{"href":"https:\/\/petityu.com\/en\/wp-json\/wp\/v2\/product"}],"about":[{"href":"https:\/\/petityu.com\/en\/wp-json\/wp\/v2\/types\/product"}],"wp:featuredmedia":[{"embeddable":true,"href":"https:\/\/petityu.com\/en\/wp-json\/wp\/v2\/media\/6752"}],"wp:attachment":[{"href":"https:\/\/petityu.com\/en\/wp-json\/wp\/v2\/media?parent=6753"}],"wp:term":[{"taxonomy":"product_brand","embeddable":true,"href":"https:\/\/petityu.com\/en\/wp-json\/wp\/v2\/product_brand?post=6753"},{"taxonomy":"product_cat","embeddable":true,"href":"https:\/\/petityu.com\/en\/wp-json\/wp\/v2\/product_cat?post=6753"},{"taxonomy":"product_tag","embeddable":true,"href":"https:\/\/petityu.com\/en\/wp-json\/wp\/v2\/product_tag?post=6753"}],"curies":[{"name":"wp","href":"https:\/\/api.w.org\/{rel}","templated":true}]}}