{"id":6755,"date":"2024-09-19T16:03:15","date_gmt":"2024-09-19T13:03:15","guid":{"rendered":"https:\/\/petityu.com\/celik-termos-dinazor-suluk-pipetli\/"},"modified":"2025-08-21T14:22:18","modified_gmt":"2025-08-21T11:22:18","slug":"celik-termos-dinazor-suluk-pipetli","status":"publish","type":"product","link":"https:\/\/petityu.com\/en\/celik-termos-dinazor-suluk-pipetli\/","title":{"rendered":"\u00e7elik termos dinazor suluk pipetli"},"content":{"rendered":"<p><p>termos uzun s\u00fcre s\u0131cak tutan bpa free \u00e7elik termos<\/p><\/p>","protected":false},"excerpt":{"rendered":"<p>termos uzun s\u00fcre s\u0131cak tutan bpa free \u00e7elik termos<\/p>","protected":false},"featured_media":6754,"template":"","meta":[],"product_brand":[],"product_cat":[15,936,937],"product_tag":[],"class_list":{"0":"post-6755","1":"product","2":"type-product","3":"status-publish","4":"has-post-thumbnail","6":"product_cat-genel","7":"product_cat-erkekcocuk","8":"product_cat-matara-suluk-termos","10":"first","11":"outofstock","12":"taxable","13":"shipping-taxable","14":"purchasable","15":"product-type-simple"},"_links":{"self":[{"href":"https:\/\/petityu.com\/en\/wp-json\/wp\/v2\/product\/6755","targetHints":{"allow":["GET"]}}],"collection":[{"href":"https:\/\/petityu.com\/en\/wp-json\/wp\/v2\/product"}],"about":[{"href":"https:\/\/petityu.com\/en\/wp-json\/wp\/v2\/types\/product"}],"wp:featuredmedia":[{"embeddable":true,"href":"https:\/\/petityu.com\/en\/wp-json\/wp\/v2\/media\/6754"}],"wp:attachment":[{"href":"https:\/\/petityu.com\/en\/wp-json\/wp\/v2\/media?parent=6755"}],"wp:term":[{"taxonomy":"product_brand","embeddable":true,"href":"https:\/\/petityu.com\/en\/wp-json\/wp\/v2\/product_brand?post=6755"},{"taxonomy":"product_cat","embeddable":true,"href":"https:\/\/petityu.com\/en\/wp-json\/wp\/v2\/product_cat?post=6755"},{"taxonomy":"product_tag","embeddable":true,"href":"https:\/\/petityu.com\/en\/wp-json\/wp\/v2\/product_tag?post=6755"}],"curies":[{"name":"wp","href":"https:\/\/api.w.org\/{rel}","templated":true}]}}