{"id":6757,"date":"2024-09-19T16:03:23","date_gmt":"2024-09-19T13:03:23","guid":{"rendered":"https:\/\/petityu.com\/upf50-uv-koruma-cabuk-kuruyan-ayarlanabilir-beyaz-ince-bebek-sapka-0-18-ay-boyun-korumali\/"},"modified":"2026-04-22T08:54:16","modified_gmt":"2026-04-22T05:54:16","slug":"upf50-uv-koruma-cabuk-kuruyan-ayarlanabilir-beyaz-ince-bebek-sapka-0-18-ay-boyun-korumali","status":"publish","type":"product","link":"https:\/\/petityu.com\/en\/upf50-uv-koruma-cabuk-kuruyan-ayarlanabilir-beyaz-ince-bebek-sapka-0-18-ay-boyun-korumali\/","title":{"rendered":"Upf50 + Uv Koruma \u00c7abuk Kuruyan Ayarlanabilir Beyaz \u0130nce Bebek \u015eapka 0-18 Ay Boyun Korumal\u0131"},"content":{"rendered":"<p><p>UPF50+ g\u00fcne\u015f korumal\u0131 H\u0131zl\u0131 kuruyan Deniz ve okul\/\u015fehir kullan\u0131m\u0131na uygun boyundan ipli Kafa \u00e7ap\u0131 s\u0131k\u0131larak ayarlanabilir<\/p><\/p>","protected":false},"excerpt":{"rendered":"<p>UPF50+ g\u00fcne\u015f korumal\u0131 H\u0131zl\u0131 kuruyan Deniz ve okul\/\u015fehir kullan\u0131m\u0131na uygun boyundan ipli Kafa \u00e7ap\u0131 s\u0131k\u0131larak ayarlanabilir<\/p>","protected":false},"featured_media":6756,"template":"","meta":[],"product_brand":[],"product_cat":[15,936,935,975,996],"product_tag":[],"class_list":{"0":"post-6757","1":"product","2":"type-product","3":"status-publish","4":"has-post-thumbnail","6":"product_cat-genel","7":"product_cat-erkekcocuk","8":"product_cat-kizcocuk","9":"product_cat-sapka","10":"product_cat-sapka-erkekcocuk","12":"first","13":"instock","14":"taxable","15":"shipping-taxable","16":"purchasable","17":"product-type-simple"},"_links":{"self":[{"href":"https:\/\/petityu.com\/en\/wp-json\/wp\/v2\/product\/6757","targetHints":{"allow":["GET"]}}],"collection":[{"href":"https:\/\/petityu.com\/en\/wp-json\/wp\/v2\/product"}],"about":[{"href":"https:\/\/petityu.com\/en\/wp-json\/wp\/v2\/types\/product"}],"wp:featuredmedia":[{"embeddable":true,"href":"https:\/\/petityu.com\/en\/wp-json\/wp\/v2\/media\/6756"}],"wp:attachment":[{"href":"https:\/\/petityu.com\/en\/wp-json\/wp\/v2\/media?parent=6757"}],"wp:term":[{"taxonomy":"product_brand","embeddable":true,"href":"https:\/\/petityu.com\/en\/wp-json\/wp\/v2\/product_brand?post=6757"},{"taxonomy":"product_cat","embeddable":true,"href":"https:\/\/petityu.com\/en\/wp-json\/wp\/v2\/product_cat?post=6757"},{"taxonomy":"product_tag","embeddable":true,"href":"https:\/\/petityu.com\/en\/wp-json\/wp\/v2\/product_tag?post=6757"}],"curies":[{"name":"wp","href":"https:\/\/api.w.org\/{rel}","templated":true}]}}