{"id":6759,"date":"2024-09-19T16:03:32","date_gmt":"2024-09-19T13:03:32","guid":{"rendered":"https:\/\/petityu.com\/spiderman-okul-cantasi-anaokulu-1-2-sirt-cantasi\/"},"modified":"2026-04-09T17:00:49","modified_gmt":"2026-04-09T14:00:49","slug":"spiderman-okul-cantasi-anaokulu-1-2-sirt-cantasi","status":"publish","type":"product","link":"https:\/\/petityu.com\/en\/spiderman-okul-cantasi-anaokulu-1-2-sirt-cantasi\/","title":{"rendered":"Spiderman Okul \u00c7antas\u0131 Anaokulu S\u0131rt \u00c7antas\u0131"},"content":{"rendered":"<p><p>Spiderman temal\u0131 tasar\u0131m\u0131yla \u00e7ocuklar\u0131n ilgisini \u00e7eken, anaokulu ve birinci s\u0131n\u0131f \u00f6\u011frencileri i\u00e7in ideal bir se\u00e7im.; Rahat ta\u015f\u0131ma i\u00e7in ergonomik s\u0131rt tasar\u0131m\u0131, \u00e7ocuklar\u0131n omuzlar\u0131na e\u015fit y\u00fck da\u011f\u0131l\u0131m\u0131n\u0131 sa\u011flar.; Dayan\u0131kl\u0131 malzeme kullan\u0131m\u0131 sayesinde uzun s\u00fcreli kullan\u0131m imkan\u0131 sunar.; Geni\u015f i\u00e7 hacmi ile t\u00fcm okul e\u015fyalar\u0131n\u0131 rahat\u00e7a s\u0131\u011fd\u0131rabilir; defter, kitap ve di\u011fer materyaller i\u00e7in yeterli alan sa\u011flar.; Spiderman karakterinin canl\u0131 renkleriyle dikkat \u00e7ekici bir g\u00f6r\u00fcn\u00fcm sergiler; okulda fark edilmenizi kolayla\u015ft\u0131r\u0131r.; Kolay a\u00e7\u0131l\u0131p kapanabilen fermuar sistemi sayesinde i\u00e7erisine h\u0131zl\u0131 eri\u015fim imkan\u0131 sunar.; Islak mendiller, su \u015fi\u015fesi gibi k\u00fc\u00e7\u00fck e\u015fyalar\u0131 saklamak i\u00e7in \u00f6zel b\u00f6lmeler bulunur; d\u00fczenli bir d\u00fczenleme sa\u011flar.;<\/p><\/p>","protected":false},"excerpt":{"rendered":"<p>Spiderman temal\u0131 tasar\u0131m\u0131yla \u00e7ocuklar\u0131n ilgisini \u00e7eken, anaokulu ve birinci s\u0131n\u0131f \u00f6\u011frencileri i\u00e7in ideal bir se\u00e7im.; Rahat ta\u015f\u0131ma i\u00e7in ergonomik s\u0131rt tasar\u0131m\u0131, \u00e7ocuklar\u0131n omuzlar\u0131na e\u015fit y\u00fck&hellip;<\/p>","protected":false},"featured_media":6758,"template":"","meta":[],"product_brand":[],"product_cat":[15,998,936],"product_tag":[],"class_list":{"0":"post-6759","1":"product","2":"type-product","3":"status-publish","4":"has-post-thumbnail","6":"product_cat-genel","7":"product_cat-canta","8":"product_cat-erkekcocuk","10":"first","11":"instock","12":"taxable","13":"shipping-taxable","14":"purchasable","15":"product-type-simple"},"_links":{"self":[{"href":"https:\/\/petityu.com\/en\/wp-json\/wp\/v2\/product\/6759","targetHints":{"allow":["GET"]}}],"collection":[{"href":"https:\/\/petityu.com\/en\/wp-json\/wp\/v2\/product"}],"about":[{"href":"https:\/\/petityu.com\/en\/wp-json\/wp\/v2\/types\/product"}],"wp:featuredmedia":[{"embeddable":true,"href":"https:\/\/petityu.com\/en\/wp-json\/wp\/v2\/media\/6758"}],"wp:attachment":[{"href":"https:\/\/petityu.com\/en\/wp-json\/wp\/v2\/media?parent=6759"}],"wp:term":[{"taxonomy":"product_brand","embeddable":true,"href":"https:\/\/petityu.com\/en\/wp-json\/wp\/v2\/product_brand?post=6759"},{"taxonomy":"product_cat","embeddable":true,"href":"https:\/\/petityu.com\/en\/wp-json\/wp\/v2\/product_cat?post=6759"},{"taxonomy":"product_tag","embeddable":true,"href":"https:\/\/petityu.com\/en\/wp-json\/wp\/v2\/product_tag?post=6759"}],"curies":[{"name":"wp","href":"https:\/\/api.w.org\/{rel}","templated":true}]}}