{"id":6761,"date":"2024-09-19T16:03:42","date_gmt":"2024-09-19T13:03:42","guid":{"rendered":"https:\/\/petityu.com\/ucak-hardcase-ucak-anaokulu-uzay-canta\/"},"modified":"2025-09-15T16:53:14","modified_gmt":"2025-09-15T13:53:14","slug":"ucak-hardcase-ucak-anaokulu-uzay-canta","status":"publish","type":"product","link":"https:\/\/petityu.com\/en\/ucak-hardcase-ucak-anaokulu-uzay-canta\/","title":{"rendered":"u\u00e7ak hardcase u\u00e7ak anaokulu uzay \u00e7anta"},"content":{"rendered":"<p><p>Bebek ve \u00e7ocuklar\u0131n kullan\u0131m\u0131na uygun, dayan\u0131kl\u0131 malzemeden \u00fcretilmi\u015f okul \u00e7antas\u0131.; G\u00f6z al\u0131c\u0131 desenleriyle dikkat \u00e7eken tasar\u0131m, \u00e7ocu\u011funuzun okula gitmesini daha e\u011flenceli hale getirir.; Uzay temal\u0131 tasar\u0131m\u0131 ile \u00e7ocuklar\u0131n hayal d\u00fcnyas\u0131na hitap ederken, ayn\u0131 zamanda fonksiyonel bir kullan\u0131m sunar.; &#8220;Back to school&#8221; temas\u0131yla yeni e\u011fitim sezonuna haz\u0131r olun; bu \u015f\u0131k ve kullan\u0131\u015fl\u0131 \u00e7antayla okula d\u00f6n\u00fc\u015f heyecan\u0131n\u0131 ya\u015fay\u0131n.;<\/p><\/p>","protected":false},"excerpt":{"rendered":"<p>Bebek ve \u00e7ocuklar\u0131n kullan\u0131m\u0131na uygun, dayan\u0131kl\u0131 malzemeden \u00fcretilmi\u015f okul \u00e7antas\u0131.; G\u00f6z al\u0131c\u0131 desenleriyle dikkat \u00e7eken tasar\u0131m, \u00e7ocu\u011funuzun okula gitmesini daha e\u011flenceli hale getirir.; Uzay temal\u0131&hellip;<\/p>","protected":false},"featured_media":6760,"template":"","meta":[],"product_brand":[],"product_cat":[15,998,936],"product_tag":[],"class_list":{"0":"post-6761","1":"product","2":"type-product","3":"status-publish","4":"has-post-thumbnail","6":"product_cat-genel","7":"product_cat-canta","8":"product_cat-erkekcocuk","10":"first","11":"instock","12":"taxable","13":"shipping-taxable","14":"purchasable","15":"product-type-simple"},"_links":{"self":[{"href":"https:\/\/petityu.com\/en\/wp-json\/wp\/v2\/product\/6761","targetHints":{"allow":["GET"]}}],"collection":[{"href":"https:\/\/petityu.com\/en\/wp-json\/wp\/v2\/product"}],"about":[{"href":"https:\/\/petityu.com\/en\/wp-json\/wp\/v2\/types\/product"}],"wp:featuredmedia":[{"embeddable":true,"href":"https:\/\/petityu.com\/en\/wp-json\/wp\/v2\/media\/6760"}],"wp:attachment":[{"href":"https:\/\/petityu.com\/en\/wp-json\/wp\/v2\/media?parent=6761"}],"wp:term":[{"taxonomy":"product_brand","embeddable":true,"href":"https:\/\/petityu.com\/en\/wp-json\/wp\/v2\/product_brand?post=6761"},{"taxonomy":"product_cat","embeddable":true,"href":"https:\/\/petityu.com\/en\/wp-json\/wp\/v2\/product_cat?post=6761"},{"taxonomy":"product_tag","embeddable":true,"href":"https:\/\/petityu.com\/en\/wp-json\/wp\/v2\/product_tag?post=6761"}],"curies":[{"name":"wp","href":"https:\/\/api.w.org\/{rel}","templated":true}]}}