{"id":6765,"date":"2024-09-19T16:04:02","date_gmt":"2024-09-19T13:04:02","guid":{"rendered":"https:\/\/petityu.com\/donut-pembe-sirin-anaokul-cantasi\/"},"modified":"2026-02-23T20:27:39","modified_gmt":"2026-02-23T17:27:39","slug":"donut-pembe-sirin-anaokul-cantasi","status":"publish","type":"product","link":"https:\/\/petityu.com\/en\/donut-pembe-sirin-anaokul-cantasi\/","title":{"rendered":"Donut Pembe \u015eirin Anaokul \u00c7antas\u0131"},"content":{"rendered":"<p><p>\u00c7ocuklar\u0131n kullan\u0131m\u0131na uygun, dayan\u0131kl\u0131 yap\u0131s\u0131yla her g\u00fcn g\u00fcvenle kullan\u0131labilir.; Canl\u0131 pembe rengi ve e\u011flenceli donut deseniyle anaokulu \u00e7a\u011f\u0131ndaki \u00e7ocuklar\u0131n ilgisini \u00e7eker.; \u015e\u0131k tasar\u0131m\u0131 ve pratik kullan\u0131m\u0131yla okul yolculuklar\u0131n\u0131 keyifli hale getirir.; Dayan\u0131kl\u0131 malzemeden \u00fcretilmi\u015f olup, uzun s\u00fcreli kullan\u0131mlarda bile formunu korur.; &#8220;Back to school&#8221; temas\u0131na uygun olarak tasarlanm\u0131\u015ft\u0131r, b\u00f6ylece yeni e\u011fitim y\u0131l\u0131na \u015f\u0131k bir ba\u015flang\u0131\u00e7 yapabilirsiniz.;<\/p><\/p>","protected":false},"excerpt":{"rendered":"<p>\u00c7ocuklar\u0131n kullan\u0131m\u0131na uygun, dayan\u0131kl\u0131 yap\u0131s\u0131yla her g\u00fcn g\u00fcvenle kullan\u0131labilir.; Canl\u0131 pembe rengi ve e\u011flenceli donut deseniyle anaokulu \u00e7a\u011f\u0131ndaki \u00e7ocuklar\u0131n ilgisini \u00e7eker.; \u015e\u0131k tasar\u0131m\u0131 ve pratik&hellip;<\/p>","protected":false},"featured_media":6764,"template":"","meta":[],"product_brand":[],"product_cat":[15,909,935],"product_tag":[],"class_list":{"0":"post-6765","1":"product","2":"type-product","3":"status-publish","4":"has-post-thumbnail","6":"product_cat-genel","7":"product_cat-cantaa","8":"product_cat-kizcocuk","10":"first","11":"instock","12":"taxable","13":"shipping-taxable","14":"purchasable","15":"product-type-simple"},"_links":{"self":[{"href":"https:\/\/petityu.com\/en\/wp-json\/wp\/v2\/product\/6765","targetHints":{"allow":["GET"]}}],"collection":[{"href":"https:\/\/petityu.com\/en\/wp-json\/wp\/v2\/product"}],"about":[{"href":"https:\/\/petityu.com\/en\/wp-json\/wp\/v2\/types\/product"}],"wp:featuredmedia":[{"embeddable":true,"href":"https:\/\/petityu.com\/en\/wp-json\/wp\/v2\/media\/6764"}],"wp:attachment":[{"href":"https:\/\/petityu.com\/en\/wp-json\/wp\/v2\/media?parent=6765"}],"wp:term":[{"taxonomy":"product_brand","embeddable":true,"href":"https:\/\/petityu.com\/en\/wp-json\/wp\/v2\/product_brand?post=6765"},{"taxonomy":"product_cat","embeddable":true,"href":"https:\/\/petityu.com\/en\/wp-json\/wp\/v2\/product_cat?post=6765"},{"taxonomy":"product_tag","embeddable":true,"href":"https:\/\/petityu.com\/en\/wp-json\/wp\/v2\/product_tag?post=6765"}],"curies":[{"name":"wp","href":"https:\/\/api.w.org\/{rel}","templated":true}]}}