{"id":6769,"date":"2024-09-19T16:04:23","date_gmt":"2024-09-19T13:04:23","guid":{"rendered":"https:\/\/petityu.com\/spiderman-3d-anaokulu-sirt-cantasi\/"},"modified":"2025-10-24T16:44:38","modified_gmt":"2025-10-24T13:44:38","slug":"spiderman-3d-anaokulu-sirt-cantasi","status":"publish","type":"product","link":"https:\/\/petityu.com\/en\/spiderman-3d-anaokulu-sirt-cantasi\/","title":{"rendered":"Spiderman 3D Anaokulu S\u0131rt \u00c7antas\u0131"},"content":{"rendered":"<p><p>Spiderman temal\u0131 bu 3D anaokulu s\u0131rt \u00e7antas\u0131, \u00e7ocuklar\u0131n\u0131z\u0131n okula gitmekten keyif almas\u0131n\u0131 sa\u011flayacak e\u011flenceli ve renkli bir tasar\u0131ma sahiptir.; Bebeklerden \u00e7ocuklara kadar geni\u015f ya\u015f aral\u0131\u011f\u0131na uygun olarak tasarlanm\u0131\u015ft\u0131r, b\u00f6ylece k\u00fc\u00e7\u00fck \u00e7ocuklar\u0131n\u0131z\u0131n da kullanabilece\u011fi \u015fekilde g\u00fcvenli ve ergonomiktir.; Desenli yap\u0131s\u0131 ile dikkat \u00e7ekici bir g\u00f6r\u00fcn\u00fcm sunarken, ayn\u0131 zamanda \u00e7ocuklar\u0131n\u0131z\u0131n okuldaki arkada\u015flar\u0131 aras\u0131nda pop\u00fcler olmas\u0131na yard\u0131mc\u0131 olabilir.; Rahat ta\u015f\u0131ma imkan\u0131 sunan s\u0131rt \u00e7antas\u0131n\u0131n ergonomik yap\u0131s\u0131 sayesinde \u00e7ocu\u011funuzun omurgas\u0131na zarar vermeden uzun s\u00fcreler boyunca konforlu bir \u015fekilde kullanabilir.; Spiderman temal\u0131 bu s\u0131rt \u00e7antas\u0131 ile \u00e7ocuklar\u0131n\u0131z\u0131n okula gitme heyecan\u0131 artacak ve \u00f6\u011frenme s\u00fcrecine daha motive olacaklard\u0131r.;<\/p><\/p>","protected":false},"excerpt":{"rendered":"<p>Spiderman temal\u0131 bu 3D anaokulu s\u0131rt \u00e7antas\u0131, \u00e7ocuklar\u0131n\u0131z\u0131n okula gitmekten keyif almas\u0131n\u0131 sa\u011flayacak e\u011flenceli ve renkli bir tasar\u0131ma sahiptir.; Bebeklerden \u00e7ocuklara kadar geni\u015f ya\u015f aral\u0131\u011f\u0131na&hellip;<\/p>","protected":false},"featured_media":6766,"template":"","meta":[],"product_brand":[],"product_cat":[15,998,936],"product_tag":[],"class_list":{"0":"post-6769","1":"product","2":"type-product","3":"status-publish","4":"has-post-thumbnail","6":"product_cat-genel","7":"product_cat-canta","8":"product_cat-erkekcocuk","10":"first","11":"instock","12":"taxable","13":"shipping-taxable","14":"purchasable","15":"product-type-simple"},"_links":{"self":[{"href":"https:\/\/petityu.com\/en\/wp-json\/wp\/v2\/product\/6769","targetHints":{"allow":["GET"]}}],"collection":[{"href":"https:\/\/petityu.com\/en\/wp-json\/wp\/v2\/product"}],"about":[{"href":"https:\/\/petityu.com\/en\/wp-json\/wp\/v2\/types\/product"}],"wp:featuredmedia":[{"embeddable":true,"href":"https:\/\/petityu.com\/en\/wp-json\/wp\/v2\/media\/6766"}],"wp:attachment":[{"href":"https:\/\/petityu.com\/en\/wp-json\/wp\/v2\/media?parent=6769"}],"wp:term":[{"taxonomy":"product_brand","embeddable":true,"href":"https:\/\/petityu.com\/en\/wp-json\/wp\/v2\/product_brand?post=6769"},{"taxonomy":"product_cat","embeddable":true,"href":"https:\/\/petityu.com\/en\/wp-json\/wp\/v2\/product_cat?post=6769"},{"taxonomy":"product_tag","embeddable":true,"href":"https:\/\/petityu.com\/en\/wp-json\/wp\/v2\/product_tag?post=6769"}],"curies":[{"name":"wp","href":"https:\/\/api.w.org\/{rel}","templated":true}]}}