{"id":6777,"date":"2024-09-19T16:05:06","date_gmt":"2024-09-19T13:05:06","guid":{"rendered":"https:\/\/petityu.com\/upf50-gunes-korumali-camgobegi-denizati-sapka\/"},"modified":"2026-03-06T15:47:02","modified_gmt":"2026-03-06T12:47:02","slug":"upf50-gunes-korumali-camgobegi-denizati-sapka","status":"publish","type":"product","link":"https:\/\/petityu.com\/en\/upf50-gunes-korumali-camgobegi-denizati-sapka\/","title":{"rendered":"Upf50+ G\u00fcne\u015f Korumal\u0131 Camg\u00f6be\u011fi Denizat\u0131 \u015eapka 0-6 Ay"},"content":{"rendered":"<p><p>Boyun alti ve kafa \u00e7ap k\u0131sm\u0131nda sikma yeri vardir.<\/p><\/p>","protected":false},"excerpt":{"rendered":"<p>Boyun alti ve kafa \u00e7ap k\u0131sm\u0131nda sikma yeri vardir.<\/p>","protected":false},"featured_media":6776,"template":"","meta":[],"product_brand":[],"product_cat":[936,15,935,996,975],"product_tag":[],"class_list":{"0":"post-6777","1":"product","2":"type-product","3":"status-publish","4":"has-post-thumbnail","6":"product_cat-erkekcocuk","7":"product_cat-genel","8":"product_cat-kizcocuk","9":"product_cat-sapka-erkekcocuk","10":"product_cat-sapka","12":"first","13":"outofstock","14":"taxable","15":"shipping-taxable","16":"purchasable","17":"product-type-simple"},"_links":{"self":[{"href":"https:\/\/petityu.com\/en\/wp-json\/wp\/v2\/product\/6777","targetHints":{"allow":["GET"]}}],"collection":[{"href":"https:\/\/petityu.com\/en\/wp-json\/wp\/v2\/product"}],"about":[{"href":"https:\/\/petityu.com\/en\/wp-json\/wp\/v2\/types\/product"}],"wp:featuredmedia":[{"embeddable":true,"href":"https:\/\/petityu.com\/en\/wp-json\/wp\/v2\/media\/6776"}],"wp:attachment":[{"href":"https:\/\/petityu.com\/en\/wp-json\/wp\/v2\/media?parent=6777"}],"wp:term":[{"taxonomy":"product_brand","embeddable":true,"href":"https:\/\/petityu.com\/en\/wp-json\/wp\/v2\/product_brand?post=6777"},{"taxonomy":"product_cat","embeddable":true,"href":"https:\/\/petityu.com\/en\/wp-json\/wp\/v2\/product_cat?post=6777"},{"taxonomy":"product_tag","embeddable":true,"href":"https:\/\/petityu.com\/en\/wp-json\/wp\/v2\/product_tag?post=6777"}],"curies":[{"name":"wp","href":"https:\/\/api.w.org\/{rel}","templated":true}]}}