{"id":6783,"date":"2024-09-19T16:05:35","date_gmt":"2024-09-19T13:05:35","guid":{"rendered":"https:\/\/petityu.com\/pokemon-okul-sirt-cantasi-ve-kalem-kutusu-canta\/"},"modified":"2025-11-11T16:16:54","modified_gmt":"2025-11-11T13:16:54","slug":"pokemon-okul-sirt-cantasi-ve-kalem-kutusu-canta","status":"publish","type":"product","link":"https:\/\/petityu.com\/en\/pokemon-okul-sirt-cantasi-ve-kalem-kutusu-canta\/","title":{"rendered":"Pokemon Okul S\u0131rt \u00c7antas\u0131 Ve Kalem Kutusu \u00c7anta"},"content":{"rendered":"<p><p>ilkokul orta okul ve lisede kullanima uygundur. ; Anaokulu icin buyuktur. ; Kalem kutusu da mevcuttur. ; 1 adet canta 1 adet kalemkutu yollanmaktadir Onunde fermuarl\u0131 cep yanlarda \u0131k\u0131 cep \u0131c\u0131nde bir kese seklinde cep bulnmaktad\u0131r.;<\/p><\/p>","protected":false},"excerpt":{"rendered":"<p>ilkokul orta okul ve lisede kullanima uygundur. ; Anaokulu icin buyuktur. ; Kalem kutusu da mevcuttur. ; 1 adet canta 1 adet kalemkutu yollanmaktadir Onunde&hellip;<\/p>","protected":false},"featured_media":6780,"template":"","meta":[],"product_brand":[],"product_cat":[15,998,936],"product_tag":[],"class_list":{"0":"post-6783","1":"product","2":"type-product","3":"status-publish","4":"has-post-thumbnail","6":"product_cat-genel","7":"product_cat-canta","8":"product_cat-erkekcocuk","10":"first","11":"instock","12":"taxable","13":"shipping-taxable","14":"purchasable","15":"product-type-simple"},"_links":{"self":[{"href":"https:\/\/petityu.com\/en\/wp-json\/wp\/v2\/product\/6783","targetHints":{"allow":["GET"]}}],"collection":[{"href":"https:\/\/petityu.com\/en\/wp-json\/wp\/v2\/product"}],"about":[{"href":"https:\/\/petityu.com\/en\/wp-json\/wp\/v2\/types\/product"}],"wp:featuredmedia":[{"embeddable":true,"href":"https:\/\/petityu.com\/en\/wp-json\/wp\/v2\/media\/6780"}],"wp:attachment":[{"href":"https:\/\/petityu.com\/en\/wp-json\/wp\/v2\/media?parent=6783"}],"wp:term":[{"taxonomy":"product_brand","embeddable":true,"href":"https:\/\/petityu.com\/en\/wp-json\/wp\/v2\/product_brand?post=6783"},{"taxonomy":"product_cat","embeddable":true,"href":"https:\/\/petityu.com\/en\/wp-json\/wp\/v2\/product_cat?post=6783"},{"taxonomy":"product_tag","embeddable":true,"href":"https:\/\/petityu.com\/en\/wp-json\/wp\/v2\/product_tag?post=6783"}],"curies":[{"name":"wp","href":"https:\/\/api.w.org\/{rel}","templated":true}]}}