{"id":6785,"date":"2024-09-19T16:05:45","date_gmt":"2024-09-19T13:05:45","guid":{"rendered":"https:\/\/petityu.com\/gunes-korumali-sapka-beyaz-safari-hayvanlari-aslan-fil-zurafa-54-cm-4-8yas\/"},"modified":"2026-04-16T23:27:14","modified_gmt":"2026-04-16T20:27:14","slug":"gunes-korumali-sapka-beyaz-safari-hayvanlari-aslan-fil-zurafa-54-cm-4-8yas","status":"publish","type":"product","link":"https:\/\/petityu.com\/en\/gunes-korumali-sapka-beyaz-safari-hayvanlari-aslan-fil-zurafa-54-cm-4-8yas\/","title":{"rendered":"G\u00fcne\u015f Korumal\u0131 \u015eapka \u2013 Beyaz Safari Hayvanlar\u0131 Aslan Fil Zurafa 54 Cm 4-8 Ya\u015f"},"content":{"rendered":"<p><p>G\u00fcne\u015fin zararl\u0131 UV \u0131\u015f\u0131nlar\u0131na kar\u015f\u0131 koruma sa\u011flayan beyaz safari hayvan desenli \u015fapka, 54 cm geni\u015fli\u011finde olup 4-8 ya\u015f aras\u0131 \u00e7ocuklar\u0131n kullan\u0131m\u0131na uygundur. Pamuklu materyali sayesinde cildi tahri\u015f etmez ve konforlu bir kullan\u0131m sunar. Her ya\u015ftaki \u00e7ocuklar\u0131n keyifle kullanabilece\u011fi bu \u015fapka, yaz aylar\u0131nda g\u00fcne\u015f alt\u0131nda ge\u00e7irdi\u011finiz zamanlarda \u00e7ocuklar\u0131n\u0131z\u0131n g\u00fcvende kalmas\u0131n\u0131 sa\u011flar.;<\/p><\/p>","protected":false},"excerpt":{"rendered":"<p>G\u00fcne\u015fin zararl\u0131 UV \u0131\u015f\u0131nlar\u0131na kar\u015f\u0131 koruma sa\u011flayan beyaz safari hayvan desenli \u015fapka, 54 cm geni\u015fli\u011finde olup 4-8 ya\u015f aras\u0131 \u00e7ocuklar\u0131n kullan\u0131m\u0131na uygundur. Pamuklu materyali sayesinde&hellip;<\/p>","protected":false},"featured_media":6784,"template":"","meta":[],"product_brand":[],"product_cat":[15,936,935,975,996],"product_tag":[],"class_list":{"0":"post-6785","1":"product","2":"type-product","3":"status-publish","4":"has-post-thumbnail","6":"product_cat-genel","7":"product_cat-erkekcocuk","8":"product_cat-kizcocuk","9":"product_cat-sapka","10":"product_cat-sapka-erkekcocuk","12":"first","13":"instock","14":"taxable","15":"shipping-taxable","16":"purchasable","17":"product-type-simple"},"_links":{"self":[{"href":"https:\/\/petityu.com\/en\/wp-json\/wp\/v2\/product\/6785","targetHints":{"allow":["GET"]}}],"collection":[{"href":"https:\/\/petityu.com\/en\/wp-json\/wp\/v2\/product"}],"about":[{"href":"https:\/\/petityu.com\/en\/wp-json\/wp\/v2\/types\/product"}],"wp:featuredmedia":[{"embeddable":true,"href":"https:\/\/petityu.com\/en\/wp-json\/wp\/v2\/media\/6784"}],"wp:attachment":[{"href":"https:\/\/petityu.com\/en\/wp-json\/wp\/v2\/media?parent=6785"}],"wp:term":[{"taxonomy":"product_brand","embeddable":true,"href":"https:\/\/petityu.com\/en\/wp-json\/wp\/v2\/product_brand?post=6785"},{"taxonomy":"product_cat","embeddable":true,"href":"https:\/\/petityu.com\/en\/wp-json\/wp\/v2\/product_cat?post=6785"},{"taxonomy":"product_tag","embeddable":true,"href":"https:\/\/petityu.com\/en\/wp-json\/wp\/v2\/product_tag?post=6785"}],"curies":[{"name":"wp","href":"https:\/\/api.w.org\/{rel}","templated":true}]}}