{"id":6789,"date":"2024-09-19T16:06:06","date_gmt":"2024-09-19T13:06:06","guid":{"rendered":"https:\/\/petityu.com\/pembe-kiz-cocuk-kat-kat-elbise-7-9-yas-dogum-gunu-elbisesi\/"},"modified":"2026-01-06T14:39:57","modified_gmt":"2026-01-06T11:39:57","slug":"pembe-kiz-cocuk-kat-kat-elbise-7-9-yas-dogum-gunu-elbisesi","status":"publish","type":"product","link":"https:\/\/petityu.com\/en\/pembe-kiz-cocuk-kat-kat-elbise-7-9-yas-dogum-gunu-elbisesi\/","title":{"rendered":"Pembe K\u0131z \u00c7ocuk  Kat Kat Elbise 7-9 Yas Do\u011fum G\u00fcn\u00fc Elbisesi"},"content":{"rendered":"<p><p>Pembe k\u0131z \u00e7ocuk kat kat do\u011fumg\u00fcn\u00fc elbisesi<\/p><\/p>","protected":false},"excerpt":{"rendered":"<p>Pembe k\u0131z \u00e7ocuk kat kat do\u011fumg\u00fcn\u00fc elbisesi<\/p>","protected":false},"featured_media":6786,"template":"","meta":[],"product_brand":[],"product_cat":[972,15,935],"product_tag":[],"class_list":{"0":"post-6789","1":"product","2":"type-product","3":"status-publish","4":"has-post-thumbnail","6":"product_cat-elbise","7":"product_cat-genel","8":"product_cat-kizcocuk","10":"first","11":"outofstock","12":"taxable","13":"shipping-taxable","14":"purchasable","15":"product-type-simple"},"_links":{"self":[{"href":"https:\/\/petityu.com\/en\/wp-json\/wp\/v2\/product\/6789","targetHints":{"allow":["GET"]}}],"collection":[{"href":"https:\/\/petityu.com\/en\/wp-json\/wp\/v2\/product"}],"about":[{"href":"https:\/\/petityu.com\/en\/wp-json\/wp\/v2\/types\/product"}],"wp:featuredmedia":[{"embeddable":true,"href":"https:\/\/petityu.com\/en\/wp-json\/wp\/v2\/media\/6786"}],"wp:attachment":[{"href":"https:\/\/petityu.com\/en\/wp-json\/wp\/v2\/media?parent=6789"}],"wp:term":[{"taxonomy":"product_brand","embeddable":true,"href":"https:\/\/petityu.com\/en\/wp-json\/wp\/v2\/product_brand?post=6789"},{"taxonomy":"product_cat","embeddable":true,"href":"https:\/\/petityu.com\/en\/wp-json\/wp\/v2\/product_cat?post=6789"},{"taxonomy":"product_tag","embeddable":true,"href":"https:\/\/petityu.com\/en\/wp-json\/wp\/v2\/product_tag?post=6789"}],"curies":[{"name":"wp","href":"https:\/\/api.w.org\/{rel}","templated":true}]}}