{"id":6791,"date":"2024-09-19T16:06:14","date_gmt":"2024-09-19T13:06:14","guid":{"rendered":"https:\/\/petityu.com\/altin-rengi-kanat-elodie-onluk-mama-onlugu-su-gecirmez-mama-onlugu-0-4-yas\/"},"modified":"2026-03-31T17:32:21","modified_gmt":"2026-03-31T14:32:21","slug":"altin-rengi-kanat-elodie-onluk-mama-onlugu-su-gecirmez-mama-onlugu-0-4-yas","status":"publish","type":"product","link":"https:\/\/petityu.com\/en\/altin-rengi-kanat-elodie-onluk-mama-onlugu-su-gecirmez-mama-onlugu-0-4-yas\/","title":{"rendered":"Alt\u0131n Rengi Kanat Elodie Mama \u00d6nl\u00fc\u011f\u00fc Su Ge\u00e7irmez"},"content":{"rendered":"<p><p>Arkadan ayarlanabilir c\u0131rt c\u0131rtl\u0131&nbsp;su ge\u00e7irmez mama&nbsp;\u00f6nl\u00fc\u011f\u00fc <\/p><br \/>\n<p>0-3 ya\u015f<\/p><\/p>","protected":false},"excerpt":{"rendered":"<p>Arkadan ayarlanabilir c\u0131rt c\u0131rtl\u0131&nbsp;su ge\u00e7irmez mama&nbsp;\u00f6nl\u00fc\u011f\u00fc 0-3 ya\u015f<\/p>","protected":false},"featured_media":6790,"template":"","meta":[],"product_brand":[],"product_cat":[15,935,986],"product_tag":[],"class_list":{"0":"post-6791","1":"product","2":"type-product","3":"status-publish","4":"has-post-thumbnail","6":"product_cat-genel","7":"product_cat-kizcocuk","8":"product_cat-mama-onlugu-kizcocuk","10":"first","11":"instock","12":"taxable","13":"shipping-taxable","14":"purchasable","15":"product-type-simple"},"_links":{"self":[{"href":"https:\/\/petityu.com\/en\/wp-json\/wp\/v2\/product\/6791","targetHints":{"allow":["GET"]}}],"collection":[{"href":"https:\/\/petityu.com\/en\/wp-json\/wp\/v2\/product"}],"about":[{"href":"https:\/\/petityu.com\/en\/wp-json\/wp\/v2\/types\/product"}],"wp:featuredmedia":[{"embeddable":true,"href":"https:\/\/petityu.com\/en\/wp-json\/wp\/v2\/media\/6790"}],"wp:attachment":[{"href":"https:\/\/petityu.com\/en\/wp-json\/wp\/v2\/media?parent=6791"}],"wp:term":[{"taxonomy":"product_brand","embeddable":true,"href":"https:\/\/petityu.com\/en\/wp-json\/wp\/v2\/product_brand?post=6791"},{"taxonomy":"product_cat","embeddable":true,"href":"https:\/\/petityu.com\/en\/wp-json\/wp\/v2\/product_cat?post=6791"},{"taxonomy":"product_tag","embeddable":true,"href":"https:\/\/petityu.com\/en\/wp-json\/wp\/v2\/product_tag?post=6791"}],"curies":[{"name":"wp","href":"https:\/\/api.w.org\/{rel}","templated":true}]}}