{"id":6793,"date":"2024-09-19T16:06:23","date_gmt":"2024-09-19T13:06:23","guid":{"rendered":"https:\/\/petityu.com\/pokemon-pikachu-cift-fermuarli-buyuk-kapasiteli-okul-kalem-kutusu\/"},"modified":"2026-04-14T14:39:31","modified_gmt":"2026-04-14T11:39:31","slug":"pokemon-pikachu-cift-fermuarli-buyuk-kapasiteli-okul-kalem-kutusu","status":"publish","type":"product","link":"https:\/\/petityu.com\/en\/pokemon-pikachu-cift-fermuarli-buyuk-kapasiteli-okul-kalem-kutusu\/","title":{"rendered":"Pokemon Pikachu \u00c7ift Fermuarl\u0131 B\u00fcy\u00fck Kapasiteli Okul Kalem Kutusu"},"content":{"rendered":"<p><p>\u00c7ift fermuarli hafif 100 gr dayan\u0131kl\u0131 kalem kutusu 20*9*6.5 cm<\/p><\/p>","protected":false},"excerpt":{"rendered":"<p>\u00c7ift fermuarli hafif 100 gr dayan\u0131kl\u0131 kalem kutusu 20*9*6.5 cm<\/p>","protected":false},"featured_media":6792,"template":"","meta":[],"product_brand":[],"product_cat":[15,936,999],"product_tag":[],"class_list":{"0":"post-6793","1":"product","2":"type-product","3":"status-publish","4":"has-post-thumbnail","6":"product_cat-genel","7":"product_cat-erkekcocuk","8":"product_cat-kalem-kutusu-erkekcocuk","10":"first","11":"instock","12":"taxable","13":"shipping-taxable","14":"purchasable","15":"product-type-simple"},"_links":{"self":[{"href":"https:\/\/petityu.com\/en\/wp-json\/wp\/v2\/product\/6793","targetHints":{"allow":["GET"]}}],"collection":[{"href":"https:\/\/petityu.com\/en\/wp-json\/wp\/v2\/product"}],"about":[{"href":"https:\/\/petityu.com\/en\/wp-json\/wp\/v2\/types\/product"}],"wp:featuredmedia":[{"embeddable":true,"href":"https:\/\/petityu.com\/en\/wp-json\/wp\/v2\/media\/6792"}],"wp:attachment":[{"href":"https:\/\/petityu.com\/en\/wp-json\/wp\/v2\/media?parent=6793"}],"wp:term":[{"taxonomy":"product_brand","embeddable":true,"href":"https:\/\/petityu.com\/en\/wp-json\/wp\/v2\/product_brand?post=6793"},{"taxonomy":"product_cat","embeddable":true,"href":"https:\/\/petityu.com\/en\/wp-json\/wp\/v2\/product_cat?post=6793"},{"taxonomy":"product_tag","embeddable":true,"href":"https:\/\/petityu.com\/en\/wp-json\/wp\/v2\/product_tag?post=6793"}],"curies":[{"name":"wp","href":"https:\/\/api.w.org\/{rel}","templated":true}]}}