{"id":6796,"date":"2024-09-19T16:06:38","date_gmt":"2024-09-19T13:06:38","guid":{"rendered":"https:\/\/petityu.com\/gri-dino-ici-pufudik-sicak-tutan-yumusacik-su-gecirmez-eldiven-22lbdinopufeldivengri\/"},"modified":"2026-02-24T16:32:27","modified_gmt":"2026-02-24T13:32:27","slug":"gri-dino-ici-pufudik-sicak-tutan-yumusacik-su-gecirmez-eldiven-22lbdinopufeldivengri","status":"publish","type":"product","link":"https:\/\/petityu.com\/en\/gri-dino-ici-pufudik-sicak-tutan-yumusacik-su-gecirmez-eldiven-22lbdinopufeldivengri\/","title":{"rendered":"Gri Dino \u0130\u00e7i Pufudik Sicak Tutan Yumu\u015fac\u0131k Su Ge\u00e7irmez Eldiven"},"content":{"rendered":"<p><p>\u0130\u00e7i k\u00fcrkl\u00fc bilekten ayarlanabilir s\u0131cac\u0131k tutan su ge\u00e7irmez kayakta kullan\u0131labilir eldiven<\/p><\/p>","protected":false},"excerpt":{"rendered":"<p>\u0130\u00e7i k\u00fcrkl\u00fc bilekten ayarlanabilir s\u0131cac\u0131k tutan su ge\u00e7irmez kayakta kullan\u0131labilir eldiven<\/p>","protected":false},"featured_media":6794,"template":"","meta":[],"product_brand":[],"product_cat":[997,936,15],"product_tag":[],"class_list":{"0":"post-6796","1":"product","2":"type-product","3":"status-publish","4":"has-post-thumbnail","6":"product_cat-atki-bere-eldiven","7":"product_cat-erkekcocuk","8":"product_cat-genel","10":"first","11":"instock","12":"taxable","13":"shipping-taxable","14":"purchasable","15":"product-type-variable"},"_links":{"self":[{"href":"https:\/\/petityu.com\/en\/wp-json\/wp\/v2\/product\/6796","targetHints":{"allow":["GET"]}}],"collection":[{"href":"https:\/\/petityu.com\/en\/wp-json\/wp\/v2\/product"}],"about":[{"href":"https:\/\/petityu.com\/en\/wp-json\/wp\/v2\/types\/product"}],"wp:featuredmedia":[{"embeddable":true,"href":"https:\/\/petityu.com\/en\/wp-json\/wp\/v2\/media\/6794"}],"wp:attachment":[{"href":"https:\/\/petityu.com\/en\/wp-json\/wp\/v2\/media?parent=6796"}],"wp:term":[{"taxonomy":"product_brand","embeddable":true,"href":"https:\/\/petityu.com\/en\/wp-json\/wp\/v2\/product_brand?post=6796"},{"taxonomy":"product_cat","embeddable":true,"href":"https:\/\/petityu.com\/en\/wp-json\/wp\/v2\/product_cat?post=6796"},{"taxonomy":"product_tag","embeddable":true,"href":"https:\/\/petityu.com\/en\/wp-json\/wp\/v2\/product_tag?post=6796"}],"curies":[{"name":"wp","href":"https:\/\/api.w.org\/{rel}","templated":true}]}}