{"id":6800,"date":"2024-09-19T16:06:59","date_gmt":"2024-09-19T13:06:59","guid":{"rendered":"https:\/\/petityu.com\/elorgusu-atki-bere-set-1-3-yas\/"},"modified":"2025-10-30T15:41:43","modified_gmt":"2025-10-30T12:41:43","slug":"elorgusu-atki-bere-set-1-3-yas","status":"publish","type":"product","link":"https:\/\/petityu.com\/en\/elorgusu-atki-bere-set-1-3-yas\/","title":{"rendered":"Petityu El \u00d6rg\u00fcs\u00fc Atk\u0131 Bere Set (1-3 Ya\u015f)"},"content":{"rendered":"<p><p>El \u00f6rg\u00fcs\u00fc atki ve bere tak\u0131m Organik pamuk<\/p><\/p>","protected":false},"excerpt":{"rendered":"<p>El \u00f6rg\u00fcs\u00fc atki ve bere tak\u0131m Organik pamuk<\/p>","protected":false},"featured_media":6797,"template":"","meta":[],"product_brand":[],"product_cat":[997,936,15],"product_tag":[],"class_list":{"0":"post-6800","1":"product","2":"type-product","3":"status-publish","4":"has-post-thumbnail","6":"product_cat-atki-bere-eldiven","7":"product_cat-erkekcocuk","8":"product_cat-genel","10":"first","11":"instock","12":"taxable","13":"shipping-taxable","14":"purchasable","15":"product-type-simple"},"_links":{"self":[{"href":"https:\/\/petityu.com\/en\/wp-json\/wp\/v2\/product\/6800","targetHints":{"allow":["GET"]}}],"collection":[{"href":"https:\/\/petityu.com\/en\/wp-json\/wp\/v2\/product"}],"about":[{"href":"https:\/\/petityu.com\/en\/wp-json\/wp\/v2\/types\/product"}],"wp:featuredmedia":[{"embeddable":true,"href":"https:\/\/petityu.com\/en\/wp-json\/wp\/v2\/media\/6797"}],"wp:attachment":[{"href":"https:\/\/petityu.com\/en\/wp-json\/wp\/v2\/media?parent=6800"}],"wp:term":[{"taxonomy":"product_brand","embeddable":true,"href":"https:\/\/petityu.com\/en\/wp-json\/wp\/v2\/product_brand?post=6800"},{"taxonomy":"product_cat","embeddable":true,"href":"https:\/\/petityu.com\/en\/wp-json\/wp\/v2\/product_cat?post=6800"},{"taxonomy":"product_tag","embeddable":true,"href":"https:\/\/petityu.com\/en\/wp-json\/wp\/v2\/product_tag?post=6800"}],"curies":[{"name":"wp","href":"https:\/\/api.w.org\/{rel}","templated":true}]}}