{"id":6809,"date":"2024-09-19T16:07:43","date_gmt":"2024-09-19T13:07:43","guid":{"rendered":"https:\/\/petityu.com\/pembe-tavsanli-yumusak-cocuk-kislik-atki-cocuk-atki-0-8-yas\/"},"modified":"2025-12-27T15:28:03","modified_gmt":"2025-12-27T12:28:03","slug":"pembe-tavsanli-yumusak-cocuk-kislik-atki-cocuk-atki-0-8-yas","status":"publish","type":"product","link":"https:\/\/petityu.com\/en\/pembe-tavsanli-yumusak-cocuk-kislik-atki-cocuk-atki-0-8-yas\/","title":{"rendered":"Pembe Tav\u015fanl\u0131 Yumu\u015fak \u00c7ocuk K\u0131\u015fl\u0131k Atk\u0131 \u00c7ocuk Atk\u0131 0-8 Ya\u015f"},"content":{"rendered":"<p><p>Pembe tav\u015fanl\u0131 k\u0131z &ccedil;ocuk yumu\u015fak atk\u0131<\/p><\/p>","protected":false},"excerpt":{"rendered":"<p>Pembe tav\u015fanl\u0131 k\u0131z &ccedil;ocuk yumu\u015fak atk\u0131<\/p>","protected":false},"featured_media":6807,"template":"","meta":[],"product_brand":[],"product_cat":[15,981,935],"product_tag":[],"class_list":{"0":"post-6809","1":"product","2":"type-product","3":"status-publish","4":"has-post-thumbnail","6":"product_cat-genel","7":"product_cat-bere-atki-eldiven","8":"product_cat-kizcocuk","10":"first","11":"instock","12":"taxable","13":"shipping-taxable","14":"purchasable","15":"product-type-simple"},"_links":{"self":[{"href":"https:\/\/petityu.com\/en\/wp-json\/wp\/v2\/product\/6809","targetHints":{"allow":["GET"]}}],"collection":[{"href":"https:\/\/petityu.com\/en\/wp-json\/wp\/v2\/product"}],"about":[{"href":"https:\/\/petityu.com\/en\/wp-json\/wp\/v2\/types\/product"}],"wp:featuredmedia":[{"embeddable":true,"href":"https:\/\/petityu.com\/en\/wp-json\/wp\/v2\/media\/6807"}],"wp:attachment":[{"href":"https:\/\/petityu.com\/en\/wp-json\/wp\/v2\/media?parent=6809"}],"wp:term":[{"taxonomy":"product_brand","embeddable":true,"href":"https:\/\/petityu.com\/en\/wp-json\/wp\/v2\/product_brand?post=6809"},{"taxonomy":"product_cat","embeddable":true,"href":"https:\/\/petityu.com\/en\/wp-json\/wp\/v2\/product_cat?post=6809"},{"taxonomy":"product_tag","embeddable":true,"href":"https:\/\/petityu.com\/en\/wp-json\/wp\/v2\/product_tag?post=6809"}],"curies":[{"name":"wp","href":"https:\/\/api.w.org\/{rel}","templated":true}]}}