{"id":6811,"date":"2024-09-19T16:07:53","date_gmt":"2024-09-19T13:07:53","guid":{"rendered":"https:\/\/petityu.com\/erkek-cocuk-3-12-yas-minecraft-lego-steve-bileklik\/"},"modified":"2026-04-14T14:49:18","modified_gmt":"2026-04-14T11:49:18","slug":"erkek-cocuk-3-12-yas-minecraft-lego-steve-bileklik","status":"publish","type":"product","link":"https:\/\/petityu.com\/en\/erkek-cocuk-3-12-yas-minecraft-lego-steve-bileklik\/","title":{"rendered":"Petityu Erkek \u00c7ocuk &#8211; 3-12 Ya\u015f Minecraft Lego Steve Bileklik"},"content":{"rendered":"<p><p>\u00c7ocuklar\u0131n Minecraft d\u00fcnyas\u0131na olan sevgisini bileklikleriyle de yans\u0131tmalar\u0131na olanak tan\u0131yan bu bileklik, 3 ila 12 ya\u015f aras\u0131 erkek \u00e7ocuklar i\u00e7in idealdir. Minecraft&#8217;\u0131n sevilen karakterlerinden Steve&#8217;in fig\u00fcr\u00fc ile s\u00fcslenmi\u015f olan bu bileklik, \u00e7ocuklar\u0131n oyun d\u00fcnyas\u0131na olan ba\u011fl\u0131l\u0131\u011f\u0131n\u0131 peki\u015ftirecek harika bir aksesuard\u0131r. Dayan\u0131kl\u0131 malzemelerden \u00fcretilmi\u015f olup, \u00e7ocuklar\u0131n g\u00fcvenle kullanabilece\u011fi \u015fekilde tasarlanm\u0131\u015ft\u0131r. Minecraft tutkunlar\u0131 i\u00e7in m\u00fckemmel bir hediye se\u00e7ene\u011fi olan bu bileklik, \u00e7ocuklar\u0131n Minecraft maceralar\u0131na e\u015flik edecek e\u011flenceli ve \u015f\u0131k bir aksesuard\u0131r.;<\/p><\/p>","protected":false},"excerpt":{"rendered":"<p>\u00c7ocuklar\u0131n Minecraft d\u00fcnyas\u0131na olan sevgisini bileklikleriyle de yans\u0131tmalar\u0131na olanak tan\u0131yan bu bileklik, 3 ila 12 ya\u015f aras\u0131 erkek \u00e7ocuklar i\u00e7in idealdir. Minecraft&#8217;\u0131n sevilen karakterlerinden Steve&#8217;in&hellip;<\/p>","protected":false},"featured_media":6810,"template":"","meta":[],"product_brand":[],"product_cat":[15,988,936],"product_tag":[],"class_list":{"0":"post-6811","1":"product","2":"type-product","3":"status-publish","4":"has-post-thumbnail","6":"product_cat-genel","7":"product_cat-bileklik-erkekcocuk","8":"product_cat-erkekcocuk","10":"first","11":"instock","12":"taxable","13":"shipping-taxable","14":"purchasable","15":"product-type-simple"},"_links":{"self":[{"href":"https:\/\/petityu.com\/en\/wp-json\/wp\/v2\/product\/6811","targetHints":{"allow":["GET"]}}],"collection":[{"href":"https:\/\/petityu.com\/en\/wp-json\/wp\/v2\/product"}],"about":[{"href":"https:\/\/petityu.com\/en\/wp-json\/wp\/v2\/types\/product"}],"wp:featuredmedia":[{"embeddable":true,"href":"https:\/\/petityu.com\/en\/wp-json\/wp\/v2\/media\/6810"}],"wp:attachment":[{"href":"https:\/\/petityu.com\/en\/wp-json\/wp\/v2\/media?parent=6811"}],"wp:term":[{"taxonomy":"product_brand","embeddable":true,"href":"https:\/\/petityu.com\/en\/wp-json\/wp\/v2\/product_brand?post=6811"},{"taxonomy":"product_cat","embeddable":true,"href":"https:\/\/petityu.com\/en\/wp-json\/wp\/v2\/product_cat?post=6811"},{"taxonomy":"product_tag","embeddable":true,"href":"https:\/\/petityu.com\/en\/wp-json\/wp\/v2\/product_tag?post=6811"}],"curies":[{"name":"wp","href":"https:\/\/api.w.org\/{rel}","templated":true}]}}