{"id":6820,"date":"2024-09-19T16:08:38","date_gmt":"2024-09-19T13:08:38","guid":{"rendered":"https:\/\/petityu.com\/penguen-anaokulu-canta-sert-kapakli-hafif-anaokulu-sirt-cantasi\/"},"modified":"2026-01-24T19:13:09","modified_gmt":"2026-01-24T16:13:09","slug":"penguen-anaokulu-canta-sert-kapakli-hafif-anaokulu-sirt-cantasi","status":"publish","type":"product","link":"https:\/\/petityu.com\/en\/penguen-anaokulu-canta-sert-kapakli-hafif-anaokulu-sirt-cantasi\/","title":{"rendered":"Penguen Anaokulu \u00c7anta Sert Kapakl\u0131 Hafif &#8211; Anaokulu S\u0131rt \u00c7antas\u0131"},"content":{"rendered":"<p><p>sert on yumusak arka yumusak askilar 27*12.5*10cm siyah sari beyaz Minik anaokulu s\u0131rt \u00e7antas\u0131<\/p><br \/>\n<p>ask\u0131 rengi d\u00fcz siyaht\u0131r<\/p><\/p>","protected":false},"excerpt":{"rendered":"<p>sert on yumusak arka yumusak askilar 27*12.5*10cm siyah sari beyaz Minik anaokulu s\u0131rt \u00e7antas\u0131 ask\u0131 rengi d\u00fcz siyaht\u0131r<\/p>","protected":false},"featured_media":6818,"template":"","meta":[],"product_brand":[],"product_cat":[998,909,936,15,935],"product_tag":[],"class_list":{"0":"post-6820","1":"product","2":"type-product","3":"status-publish","4":"has-post-thumbnail","6":"product_cat-canta","7":"product_cat-cantaa","8":"product_cat-erkekcocuk","9":"product_cat-genel","10":"product_cat-kizcocuk","12":"first","13":"outofstock","14":"taxable","15":"shipping-taxable","16":"purchasable","17":"product-type-simple"},"_links":{"self":[{"href":"https:\/\/petityu.com\/en\/wp-json\/wp\/v2\/product\/6820","targetHints":{"allow":["GET"]}}],"collection":[{"href":"https:\/\/petityu.com\/en\/wp-json\/wp\/v2\/product"}],"about":[{"href":"https:\/\/petityu.com\/en\/wp-json\/wp\/v2\/types\/product"}],"wp:featuredmedia":[{"embeddable":true,"href":"https:\/\/petityu.com\/en\/wp-json\/wp\/v2\/media\/6818"}],"wp:attachment":[{"href":"https:\/\/petityu.com\/en\/wp-json\/wp\/v2\/media?parent=6820"}],"wp:term":[{"taxonomy":"product_brand","embeddable":true,"href":"https:\/\/petityu.com\/en\/wp-json\/wp\/v2\/product_brand?post=6820"},{"taxonomy":"product_cat","embeddable":true,"href":"https:\/\/petityu.com\/en\/wp-json\/wp\/v2\/product_cat?post=6820"},{"taxonomy":"product_tag","embeddable":true,"href":"https:\/\/petityu.com\/en\/wp-json\/wp\/v2\/product_tag?post=6820"}],"curies":[{"name":"wp","href":"https:\/\/api.w.org\/{rel}","templated":true}]}}