{"id":6822,"date":"2024-09-19T16:08:47","date_gmt":"2024-09-19T13:08:47","guid":{"rendered":"https:\/\/petityu.com\/ayicik-bombo-kahverengi-anaokulu-teddy-sirt-cantasi-sert-eva-ve-pelus-canta\/"},"modified":"2026-03-16T16:55:16","modified_gmt":"2026-03-16T13:55:16","slug":"ayicik-bombo-kahverengi-anaokulu-teddy-sirt-cantasi-sert-eva-ve-pelus-canta","status":"publish","type":"product","link":"https:\/\/petityu.com\/en\/ayicik-bombo-kahverengi-anaokulu-teddy-sirt-cantasi-sert-eva-ve-pelus-canta\/","title":{"rendered":"Ay\u0131c\u0131k Bombo Kahverengi Anaokulu Teddy S\u0131rt \u00c7antas\u0131- Sert Eva Ve Pelus \u00c7anta"},"content":{"rendered":"<p><p>Eva ve pelus anaokulu sirt cantasi asiri sirin<\/p><\/p>","protected":false},"excerpt":{"rendered":"<p>Eva ve pelus anaokulu sirt cantasi asiri sirin<\/p>","protected":false},"featured_media":6821,"template":"","meta":[],"product_brand":[],"product_cat":[998,909,936,15,935],"product_tag":[],"class_list":{"0":"post-6822","1":"product","2":"type-product","3":"status-publish","4":"has-post-thumbnail","6":"product_cat-canta","7":"product_cat-cantaa","8":"product_cat-erkekcocuk","9":"product_cat-genel","10":"product_cat-kizcocuk","12":"first","13":"instock","14":"taxable","15":"shipping-taxable","16":"purchasable","17":"product-type-simple"},"_links":{"self":[{"href":"https:\/\/petityu.com\/en\/wp-json\/wp\/v2\/product\/6822","targetHints":{"allow":["GET"]}}],"collection":[{"href":"https:\/\/petityu.com\/en\/wp-json\/wp\/v2\/product"}],"about":[{"href":"https:\/\/petityu.com\/en\/wp-json\/wp\/v2\/types\/product"}],"wp:featuredmedia":[{"embeddable":true,"href":"https:\/\/petityu.com\/en\/wp-json\/wp\/v2\/media\/6821"}],"wp:attachment":[{"href":"https:\/\/petityu.com\/en\/wp-json\/wp\/v2\/media?parent=6822"}],"wp:term":[{"taxonomy":"product_brand","embeddable":true,"href":"https:\/\/petityu.com\/en\/wp-json\/wp\/v2\/product_brand?post=6822"},{"taxonomy":"product_cat","embeddable":true,"href":"https:\/\/petityu.com\/en\/wp-json\/wp\/v2\/product_cat?post=6822"},{"taxonomy":"product_tag","embeddable":true,"href":"https:\/\/petityu.com\/en\/wp-json\/wp\/v2\/product_tag?post=6822"}],"curies":[{"name":"wp","href":"https:\/\/api.w.org\/{rel}","templated":true}]}}