{"id":6828,"date":"2024-09-19T16:09:18","date_gmt":"2024-09-19T13:09:18","guid":{"rendered":"https:\/\/petityu.com\/star-wars-yildiz-savaslari-darth-vader-kalem-kutusu-buyuk-kapasiteli-eva-fermuarii\/"},"modified":"2026-04-15T06:36:33","modified_gmt":"2026-04-15T03:36:33","slug":"star-wars-yildiz-savaslari-darth-vader-kalem-kutusu-buyuk-kapasiteli-eva-fermuarii","status":"publish","type":"product","link":"https:\/\/petityu.com\/en\/star-wars-yildiz-savaslari-darth-vader-kalem-kutusu-buyuk-kapasiteli-eva-fermuarii\/","title":{"rendered":"Star Wars Y\u0131ld\u0131z Sava\u015flar\u0131 Darth Vader Kalem Kutusu B\u00fcy\u00fck Kapasiteli Eva Fermuarl\u0131"},"content":{"rendered":"<p><p>eva 3d kalin kapak buyuk boy kalemkutusu<\/p><\/p>","protected":false},"excerpt":{"rendered":"<p>eva 3d kalin kapak buyuk boy kalemkutusu<\/p>","protected":false},"featured_media":6823,"template":"","meta":[],"product_brand":[],"product_cat":[15,936,999],"product_tag":[],"class_list":{"0":"post-6828","1":"product","2":"type-product","3":"status-publish","4":"has-post-thumbnail","6":"product_cat-genel","7":"product_cat-erkekcocuk","8":"product_cat-kalem-kutusu-erkekcocuk","10":"first","11":"outofstock","12":"taxable","13":"shipping-taxable","14":"purchasable","15":"product-type-simple"},"_links":{"self":[{"href":"https:\/\/petityu.com\/en\/wp-json\/wp\/v2\/product\/6828","targetHints":{"allow":["GET"]}}],"collection":[{"href":"https:\/\/petityu.com\/en\/wp-json\/wp\/v2\/product"}],"about":[{"href":"https:\/\/petityu.com\/en\/wp-json\/wp\/v2\/types\/product"}],"wp:featuredmedia":[{"embeddable":true,"href":"https:\/\/petityu.com\/en\/wp-json\/wp\/v2\/media\/6823"}],"wp:attachment":[{"href":"https:\/\/petityu.com\/en\/wp-json\/wp\/v2\/media?parent=6828"}],"wp:term":[{"taxonomy":"product_brand","embeddable":true,"href":"https:\/\/petityu.com\/en\/wp-json\/wp\/v2\/product_brand?post=6828"},{"taxonomy":"product_cat","embeddable":true,"href":"https:\/\/petityu.com\/en\/wp-json\/wp\/v2\/product_cat?post=6828"},{"taxonomy":"product_tag","embeddable":true,"href":"https:\/\/petityu.com\/en\/wp-json\/wp\/v2\/product_tag?post=6828"}],"curies":[{"name":"wp","href":"https:\/\/api.w.org\/{rel}","templated":true}]}}