{"id":6833,"date":"2024-09-19T16:09:42","date_gmt":"2024-09-19T13:09:42","guid":{"rendered":"https:\/\/petityu.com\/unicorn-3d-buyuk-kalemkutu-double-zipper-cift-fermuarli-sert-kalemkutu-asiri-sirin-kalem-kutusu\/"},"modified":"2026-04-14T16:00:36","modified_gmt":"2026-04-14T13:00:36","slug":"unicorn-3d-buyuk-kalemkutu-double-zipper-cift-fermuarli-sert-kalemkutu-asiri-sirin-kalem-kutusu","status":"publish","type":"product","link":"https:\/\/petityu.com\/en\/unicorn-3d-buyuk-kalemkutu-double-zipper-cift-fermuarli-sert-kalemkutu-asiri-sirin-kalem-kutusu\/","title":{"rendered":"Unicorn 3d B\u00fcy\u00fck Kalemkutu Double Zipper- \u00c7ift Fermuarl\u0131 Sert Kalemkutu A\u015f\u0131r\u0131 \u015eirin Kalem Kutusu"},"content":{"rendered":"<p><p>\u00c7ift kal\u0131n fermuarl\u0131 b\u00fcy\u00fck boy kalem kutusu <\/p><p>3 boyutlu sert kapak<\/p><\/p>","protected":false},"excerpt":{"rendered":"<p>\u00c7ift kal\u0131n fermuarl\u0131 b\u00fcy\u00fck boy kalem kutusu 3 boyutlu sert kapak<\/p>","protected":false},"featured_media":6832,"template":"","meta":[],"product_brand":[],"product_cat":[15,980,935],"product_tag":[],"class_list":{"0":"post-6833","1":"product","2":"type-product","3":"status-publish","4":"has-post-thumbnail","6":"product_cat-genel","7":"product_cat-kalem-kutusu-kizcocuk","8":"product_cat-kizcocuk","10":"first","11":"instock","12":"taxable","13":"shipping-taxable","14":"purchasable","15":"product-type-simple"},"_links":{"self":[{"href":"https:\/\/petityu.com\/en\/wp-json\/wp\/v2\/product\/6833","targetHints":{"allow":["GET"]}}],"collection":[{"href":"https:\/\/petityu.com\/en\/wp-json\/wp\/v2\/product"}],"about":[{"href":"https:\/\/petityu.com\/en\/wp-json\/wp\/v2\/types\/product"}],"wp:featuredmedia":[{"embeddable":true,"href":"https:\/\/petityu.com\/en\/wp-json\/wp\/v2\/media\/6832"}],"wp:attachment":[{"href":"https:\/\/petityu.com\/en\/wp-json\/wp\/v2\/media?parent=6833"}],"wp:term":[{"taxonomy":"product_brand","embeddable":true,"href":"https:\/\/petityu.com\/en\/wp-json\/wp\/v2\/product_brand?post=6833"},{"taxonomy":"product_cat","embeddable":true,"href":"https:\/\/petityu.com\/en\/wp-json\/wp\/v2\/product_cat?post=6833"},{"taxonomy":"product_tag","embeddable":true,"href":"https:\/\/petityu.com\/en\/wp-json\/wp\/v2\/product_tag?post=6833"}],"curies":[{"name":"wp","href":"https:\/\/api.w.org\/{rel}","templated":true}]}}