{"id":6835,"date":"2024-09-19T16:09:51","date_gmt":"2024-09-19T13:09:51","guid":{"rendered":"https:\/\/petityu.com\/unicorn-silikon-onluk-mama-onlugu\/"},"modified":"2025-08-21T13:59:46","modified_gmt":"2025-08-21T10:59:46","slug":"unicorn-silikon-onluk-mama-onlugu","status":"publish","type":"product","link":"https:\/\/petityu.com\/en\/unicorn-silikon-onluk-mama-onlugu\/","title":{"rendered":"Unicorn Silikon Onluk Mama \u00d6nl\u00fc\u011f\u00fc"},"content":{"rendered":"<p><p>su gecirmez 0-4 yas silikon onluk sirin unicorn baskili yumusak<\/p><\/p>","protected":false},"excerpt":{"rendered":"<p>su gecirmez 0-4 yas silikon onluk sirin unicorn baskili yumusak<\/p>","protected":false},"featured_media":6834,"template":"","meta":[],"product_brand":[],"product_cat":[15,935,986],"product_tag":[],"class_list":{"0":"post-6835","1":"product","2":"type-product","3":"status-publish","4":"has-post-thumbnail","6":"product_cat-genel","7":"product_cat-kizcocuk","8":"product_cat-mama-onlugu-kizcocuk","10":"first","11":"outofstock","12":"taxable","13":"shipping-taxable","14":"purchasable","15":"product-type-simple"},"_links":{"self":[{"href":"https:\/\/petityu.com\/en\/wp-json\/wp\/v2\/product\/6835","targetHints":{"allow":["GET"]}}],"collection":[{"href":"https:\/\/petityu.com\/en\/wp-json\/wp\/v2\/product"}],"about":[{"href":"https:\/\/petityu.com\/en\/wp-json\/wp\/v2\/types\/product"}],"wp:featuredmedia":[{"embeddable":true,"href":"https:\/\/petityu.com\/en\/wp-json\/wp\/v2\/media\/6834"}],"wp:attachment":[{"href":"https:\/\/petityu.com\/en\/wp-json\/wp\/v2\/media?parent=6835"}],"wp:term":[{"taxonomy":"product_brand","embeddable":true,"href":"https:\/\/petityu.com\/en\/wp-json\/wp\/v2\/product_brand?post=6835"},{"taxonomy":"product_cat","embeddable":true,"href":"https:\/\/petityu.com\/en\/wp-json\/wp\/v2\/product_cat?post=6835"},{"taxonomy":"product_tag","embeddable":true,"href":"https:\/\/petityu.com\/en\/wp-json\/wp\/v2\/product_tag?post=6835"}],"curies":[{"name":"wp","href":"https:\/\/api.w.org\/{rel}","templated":true}]}}