{"id":6837,"date":"2024-09-19T16:10:00","date_gmt":"2024-09-19T13:10:00","guid":{"rendered":"https:\/\/petityu.com\/unicorn-3d-hard-case-buyuk-boy-sirin-kalem-kutusu\/"},"modified":"2026-04-14T16:08:14","modified_gmt":"2026-04-14T13:08:14","slug":"unicorn-3d-hard-case-buyuk-boy-sirin-kalem-kutusu","status":"publish","type":"product","link":"https:\/\/petityu.com\/en\/unicorn-3d-hard-case-buyuk-boy-sirin-kalem-kutusu\/","title":{"rendered":"Unicorn 3D Hard Case B\u00fcy\u00fck Boy \u015eirin Kalem Kutusu"},"content":{"rendered":"<p><p>3D kabartma baskili sert kalem kutusu<\/p><\/p>","protected":false},"excerpt":{"rendered":"<p>3D kabartma baskili sert kalem kutusu<\/p>","protected":false},"featured_media":6836,"template":"","meta":[],"product_brand":[],"product_cat":[15,980,935],"product_tag":[],"class_list":{"0":"post-6837","1":"product","2":"type-product","3":"status-publish","4":"has-post-thumbnail","6":"product_cat-genel","7":"product_cat-kalem-kutusu-kizcocuk","8":"product_cat-kizcocuk","10":"first","11":"instock","12":"taxable","13":"shipping-taxable","14":"purchasable","15":"product-type-simple"},"_links":{"self":[{"href":"https:\/\/petityu.com\/en\/wp-json\/wp\/v2\/product\/6837","targetHints":{"allow":["GET"]}}],"collection":[{"href":"https:\/\/petityu.com\/en\/wp-json\/wp\/v2\/product"}],"about":[{"href":"https:\/\/petityu.com\/en\/wp-json\/wp\/v2\/types\/product"}],"wp:featuredmedia":[{"embeddable":true,"href":"https:\/\/petityu.com\/en\/wp-json\/wp\/v2\/media\/6836"}],"wp:attachment":[{"href":"https:\/\/petityu.com\/en\/wp-json\/wp\/v2\/media?parent=6837"}],"wp:term":[{"taxonomy":"product_brand","embeddable":true,"href":"https:\/\/petityu.com\/en\/wp-json\/wp\/v2\/product_brand?post=6837"},{"taxonomy":"product_cat","embeddable":true,"href":"https:\/\/petityu.com\/en\/wp-json\/wp\/v2\/product_cat?post=6837"},{"taxonomy":"product_tag","embeddable":true,"href":"https:\/\/petityu.com\/en\/wp-json\/wp\/v2\/product_tag?post=6837"}],"curies":[{"name":"wp","href":"https:\/\/api.w.org\/{rel}","templated":true}]}}